{"id":171,"date":"2023-08-03T11:09:09","date_gmt":"2023-08-03T09:09:09","guid":{"rendered":"http:\/\/integrio.wgl-demo.net\/?page_id=171"},"modified":"2025-12-02T10:10:53","modified_gmt":"2025-12-02T09:10:53","slug":"contacts","status":"publish","type":"page","link":"https:\/\/gbcsarl.com\/index.php\/contacts\/","title":{"rendered":"Contacts de Global Business Consulting"},"content":{"rendered":"<section class=\"wpb-content-wrapper\">[vc_row][vc_column][wgl_spacing spacer_size=&#8221;180px&#8221; responsive_desktop=&#8221;true&#8221; responsive_tablet=&#8221;true&#8221; responsive_mobile=&#8221;true&#8221;][\/vc_column][\/vc_row][vc_row][vc_column width=&#8221;1\/2&#8243; offset=&#8221;vc_col-md-4&#8243;][wgl_services_4 icon_type=&#8221;font&#8221; icon_font_type=&#8221;type_flaticon&#8221; icon_flaticon=&#8221;flaticon-map-1&#8243; alignment=&#8221;center&#8221; icon_color=&#8221;#f97339&#8243; custom_icon_size=&#8221;45&#8243; title=&#8221;Ouvert 24\/7&#8243; add_link=&#8221;true&#8221; link=&#8221;url:%23|title:Venez%20vite!&#8221; subtitle=&#8221;BP: 4406 Yd\u00e9 Quartier Eleveur&#8221; add_shadow=&#8221;true&#8221;][wgl_spacing spacer_size=&#8221;30px&#8221;][\/vc_column][vc_column width=&#8221;1\/2&#8243; offset=&#8221;vc_col-md-4&#8243;][wgl_services_4 icon_type=&#8221;font&#8221; icon_font_type=&#8221;type_flaticon&#8221; icon_flaticon=&#8221;flaticon-app&#8221; alignment=&#8221;center&#8221; icon_color=&#8221;#03a510&#8243; custom_icon_size=&#8221;45&#8243; title=&#8221;A votre \u00e9coute&#8221; add_link=&#8221;true&#8221; link=&#8221;url:%23|title:Appelez%20nous!&#8221; subtitle=&#8221;GSM: 673 23 65 75&#8243; service_content=&#8221;Fixe: 2 22 22 02 38&#8243; add_shadow=&#8221;true&#8221;][wgl_spacing spacer_size=&#8221;30px&#8221;][\/vc_column][vc_column width=&#8221;1\/2&#8243; offset=&#8221;vc_col-md-offset-0 vc_col-md-4 vc_col-sm-offset-3&#8243;][wgl_services_4 icon_type=&#8221;font&#8221; icon_font_type=&#8221;type_flaticon&#8221; icon_flaticon=&#8221;flaticon-mail&#8221; alignment=&#8221;center&#8221; custom_icon_size=&#8221;45&#8243; title=&#8221;Notre boite mail&#8221; add_link=&#8221;true&#8221; link=&#8221;url:%23|title:Envoyez%20un%20message!&#8221; subtitle=&#8221;<span \n                data-original-string='ZfclqJHKEZo9ZJEE7PhuMA==ceauIYbSKkK98dKagU8uKf8QPDIhcbOM3n\/kbAyYjI71tE='\n                class='apbct-email-encoder'\n                title='This contact has been encoded by Anti-Spam by CleanTalk. Click to decode. To finish the decoding make sure that JavaScript is enabled in your browser.'>in<span class=\"apbct-blur\">**<\/span>@<span class=\"apbct-blur\">*****<\/span>rl.com<\/span>&#8221; add_shadow=&#8221;true&#8221;][wgl_spacing spacer_size=&#8221;30px&#8221;][\/vc_column][vc_column][wgl_spacing spacer_size=&#8221;55px&#8221; screen_desktops=&#8221;991&#8243; responsive_desktop=&#8221;true&#8221; size_desktops=&#8221;0&#8243;][\/vc_column][\/vc_row][vc_row][vc_column css=&#8221;.vc_custom_1556883279807{margin-top: -20px !important;padding-right: 60px !important;padding-left: 60px !important;}&#8221; offset=&#8221;vc_col-lg-offset-2 vc_col-lg-8 vc_col-md-offset-1 vc_col-md-10&#8243;][wgl_spacing spacer_size=&#8221;50px&#8221;][wgl_double_headings squares_color=&#8221;#ff6700&#8243; title_size=&#8221;30px&#8221; title_line_height=&#8221;38px&#8221; title_color=&#8221;#232323&#8243; subtitle_line_height=&#8221;30px&#8221; subtitle=&#8221;____GLOBAL BUSINESS CONSULTING&#8221; responsive_font=&#8221;true&#8221; font_size_tablet=&#8221;38&#8243; font_size_mobile=&#8221;34&#8243; add_squares=&#8221;true&#8221;]Nous existons pour vous servir[\/wgl_double_headings][wgl_spacing spacer_size=&#8221;22px&#8221;][vc_column_text]\n<p id=\"tag_form\" style=\"text-align: center; letter-spacing: 0.1px;\"><strong>Pour toute question ou demande sp\u00e9cifique, remplissez le formulaire ci-dessous, un de nos experts vous r\u00e9pondra dans les plus brefs d\u00e9lais.<\/strong><\/p>\n[\/vc_column_text][wgl_spacing spacer_size=&#8221;41px&#8221;][\/vc_column][\/vc_row][vc_row content_placement=&#8221;middle&#8221; add_extended=&#8221;true&#8221; values=&#8221;%5B%7B%22extended_animation%22%3A%22parallax%22%2C%22figure_color%22%3A%22%23ffffff%22%2C%22drop_colors%22%3A%22one_color%22%2C%22part_color%22%3A%22%23ff7e00%22%2C%22part_color_1%22%3A%22%23ff7e00%22%2C%22part_color_2%22%3A%22%233224e9%22%2C%22part_color_3%22%3A%22%2369e9f2%22%2C%22extended_animation_pos_vertical%22%3A%2250%22%2C%22extended_animation_pos_horizont%22%3A%2250%22%2C%22sphere_width%22%3A%22100%22%2C%22particles_number%22%3A%2250%22%2C%22particles_size%22%3A%2210%22%2C%22particles_speed%22%3A%222%22%2C%22hover_anim%22%3A%22grab%22%2C%22image_bg%22%3A%22173%22%2C%22parallax_dir%22%3A%22horizontal%22%2C%22parallax_factor%22%3A%220%22%2C%22morph_style%22%3A%22style_1%22%2C%22morph_speed%22%3A%2210%22%2C%22morph_color%22%3A%22%23f8f7f6%22%2C%22morph_rotation%22%3A%220%22%2C%22particles_position_top%22%3A%220%22%2C%22particles_position_left%22%3A%22-4%22%2C%22particles_width%22%3A%22100%22%2C%22particles_height%22%3A%22100%22%2C%22resp_hide%22%3A%22768%22%7D%5D&#8221;][vc_column offset=&#8221;vc_col-md-6&#8243;][wgl_spacing spacer_size=&#8221;51px&#8221;][wgl_double_headings squares_color=&#8221;#f6f6f6&#8243; title_size=&#8221;30px&#8221; title_line_height=&#8221;38px&#8221; title_color=&#8221;#232323&#8243; subtitle_line_height=&#8221;30px&#8221; subtitle=&#8221;____PRENEZ CONTACT&#8221; add_squares=&#8221;true&#8221; responsive_font=&#8221;true&#8221; font_size_tablet=&#8221;38&#8243; font_size_mobile=&#8221;34&#8243;]Formulaire de contact[\/wgl_double_headings][wgl_spacing spacer_size=&#8221;22px&#8221;][wgl_spacing spacer_size=&#8221;26px&#8221;]\n<div class=\"wpcf7 no-js\" id=\"wpcf7-f172-o1\" lang=\"en-US\" dir=\"ltr\" data-wpcf7-id=\"172\">\n<div class=\"screen-reader-response\"><p role=\"status\" aria-live=\"polite\" aria-atomic=\"true\"><\/p> <ul><\/ul><\/div>\n<form action=\"\/index.php\/wp-json\/wp\/v2\/pages\/171#wpcf7-f172-o1\" method=\"post\" class=\"wpcf7-form init\" aria-label=\"Contact form\" novalidate=\"novalidate\" data-status=\"init\">\n<fieldset class=\"hidden-fields-container\"><input type=\"hidden\" name=\"_wpcf7\" value=\"172\" \/><input type=\"hidden\" name=\"_wpcf7_version\" value=\"6.1.5\" \/><input type=\"hidden\" name=\"_wpcf7_locale\" value=\"en_US\" \/><input type=\"hidden\" name=\"_wpcf7_unit_tag\" value=\"wpcf7-f172-o1\" \/><input type=\"hidden\" name=\"_wpcf7_container_post\" value=\"0\" \/><input type=\"hidden\" name=\"_wpcf7_posted_data_hash\" value=\"\" \/>\n<\/fieldset>\n<div class='row'>\n   <div class='wgl_col-12'>\n     <span class=\"wpcf7-form-control-wrap\" data-name=\"your-name\"><input size=\"40\" maxlength=\"400\" class=\"wpcf7-form-control wpcf7-text wpcf7-validates-as-required\" aria-required=\"true\" aria-invalid=\"false\" placeholder=\"Nom... *\" value=\"\" type=\"text\" name=\"your-name\" \/><\/span>\n   <\/div>\n   <div class='wgl_col-12'>\n      <span class=\"wpcf7-form-control-wrap\" data-name=\"your-phone\"><input size=\"40\" class=\"wpcf7-form-control wpcf7-phonetext wpcf7-validates-as-required wpcf7-text wpcf7-validates-as-phonetext\" aria-required=\"true\" aria-invalid=\"false\" placeholder=\"Num\u00e9ro de t\u00e9l\u00e9phone *\" value=\"\" type=\"text\" name=\"your-phone\" \/><input type=\"hidden\" name=\"your-phone-country-code\" class=\"wpcf7-phonetext-country-code\" \/><\/span>\n   <\/div>\n   <div class='wgl_col-12'>\n      <span class=\"wpcf7-form-control-wrap\" data-name=\"your-email\"><input size=\"40\" maxlength=\"400\" class=\"wpcf7-form-control wpcf7-email wpcf7-validates-as-required wpcf7-text wpcf7-validates-as-email\" aria-required=\"true\" aria-invalid=\"false\" placeholder=\"Email\" value=\"\" type=\"email\" name=\"your-email\" \/><\/span> \n   <\/div>\n   <div class='wgl_col-12'>\n     <span class=\"wpcf7-form-control-wrap\" data-name=\"menu-deroulant-contact\"><select class=\"wpcf7-form-control wpcf7-select wpcf7-validates-as-required\" aria-required=\"true\" aria-invalid=\"false\" name=\"menu-deroulant-contact\"><option value=\"\">Service sollicit\u00e9? *<\/option><option value=\"Consulting pour l&#039;Etude, Cr\u00e9ation et Conseils d&#039;entreprise\">Consulting pour l&#039;Etude, Cr\u00e9ation et Conseils d&#039;entreprise<\/option><option value=\"Print pour de l&#039;Infographie ou de l&#039;Imprimerie\">Print pour de l&#039;Infographie ou de l&#039;Imprimerie<\/option><option value=\"Studio pour de la Photographie et le Montage\">Studio pour de la Photographie et le Montage<\/option><option value=\"Beauty pour du Make-up ou de l&#039;Onglerie...\">Beauty pour du Make-up ou de l&#039;Onglerie...<\/option><\/select><\/span>\n   <\/div>\n   <div class='wgl_col-12'>\n      <span class=\"wpcf7-form-control-wrap\" data-name=\"your-message\"><textarea cols=\"40\" rows=\"10\" maxlength=\"2000\" class=\"wpcf7-form-control wpcf7-textarea wpcf7-validates-as-required\" aria-required=\"true\" aria-invalid=\"false\" placeholder=\"Veuillez donner plus de d\u00e9tails sur votre demande ici... *\" name=\"your-message\"><\/textarea><\/span>\n   <\/div>\n<div class='wgl_col-12'>\n      <span class=\"wpcf7-form-control-wrap\" data-name=\"checkbox-919\"><span class=\"wpcf7-form-control wpcf7-checkbox wpcf7-validates-as-required\"><span class=\"wpcf7-list-item first last\"><label><input type=\"checkbox\" name=\"checkbox-919[]\" value=\"v\u00e9rifiez que vous \u00eates humain\" \/><span class=\"wpcf7-list-item-label\">v\u00e9rifiez que vous \u00eates humain<\/span><\/label><\/span><\/span><\/span>\n   <\/div>\n\n<\/div>\n\n\n<input class=\"wpcf7-form-control wpcf7-submit has-spinner\" type=\"submit\" value=\"Soumettre\" \/><input type=\"hidden\" id=\"ct_checkjs_cf7_b1eec33c726a60554bc78518d5f9b32c\" name=\"ct_checkjs_cf7\" value=\"0\" \/><script >setTimeout(function(){var ct_input_name = \"ct_checkjs_cf7_b1eec33c726a60554bc78518d5f9b32c\";if (document.getElementById(ct_input_name) !== null) {var ct_input_value = document.getElementById(ct_input_name).value;document.getElementById(ct_input_name).value = document.getElementById(ct_input_name).value.replace(ct_input_value, 'c135e595ba23ec2453f9efb16792dd047cb6397026857f7807acd3b4868a0277');}}, 1000);<\/script><input\n                    class=\"apbct_special_field apbct_email_id__wp_contact_form_7\"\n                    name=\"apbct__email_id__wp_contact_form_7\"\n                    aria-label=\"apbct__label_id__wp_contact_form_7\"\n                    type=\"text\" size=\"30\" maxlength=\"200\" autocomplete=\"off\"\n                    value=\"\"\n                \/><p style=\"display: none !important;\" class=\"akismet-fields-container\" data-prefix=\"_wpcf7_ak_\"><label>&#916;<textarea name=\"_wpcf7_ak_hp_textarea\" cols=\"45\" rows=\"8\" maxlength=\"100\"><\/textarea><\/label><input type=\"hidden\" id=\"ak_js_1\" name=\"_wpcf7_ak_js\" value=\"40\"\/><script type=\"text\/javascript\">\n\/* <![CDATA[ *\/\ndocument.getElementById( \"ak_js_1\" ).setAttribute( \"value\", ( new Date() ).getTime() );\n\/* ]]> *\/\n<\/script>\n<\/p><div class=\"wpcf7-response-output\" aria-hidden=\"true\"><\/div>\n<\/form>\n<\/div>\n[wgl_spacing spacer_size=&#8221;50px&#8221;][\/vc_column][vc_column css=&#8221;.vc_custom_1556888669496{padding-left: 37px !important;}&#8221; offset=&#8221;vc_col-md-6&#8243;][vc_single_image image=&#8221;2318&#8243; img_size=&#8221;full&#8221; alignment=&#8221;center&#8221; css_animation=&#8221;fadeInRight&#8221;][wgl_spacing spacer_size=&#8221;12px&#8221;][\/vc_column][\/vc_row][vc_row full_width=&#8221;stretch_row_content&#8221;][vc_column][vc_gmaps link=&#8221;#E-8_JTNDaWZyYW1lJTIwc3JjJTNEJTIyaHR0cHMlM0ElMkYlMkZ3d3cuZ29vZ2xlLmNvbSUyRm1hcHMlMkZlbWJlZCUzRnBiJTNEJTIxMW0xOCUyMTFtMTIlMjExbTMlMjExZDM5ODAuNTY2MTY0MTQ3OTIyJTIxMmQxMS41NTYyNDI0NzQwNTIzMyUyMTNkMy45MDI3MTIwNDgwNjAzMTY0JTIxMm0zJTIxMWYwJTIxMmYwJTIxM2YwJTIxM20yJTIxMWkxMDI0JTIxMmk3NjglMjE0ZjEzLjElMjEzbTMlMjExbTIlMjExczB4MTA4YmM1OTVkYmQ2NjM1ZCUyNTNBMHhkODgzNjVjMzUzYjE5NDVkJTIxMnNHbG9iYWwlMjUyMEJ1c2luZXNzJTI1MjBDb25zdWx0aW5nJTI1MjBTYXJsJTIxNWUwJTIxM20yJTIxMXNmciUyMTJzY20lMjE0djE2OTI2OTYyMzkwNzklMjE1bTIlMjExc2ZyJTIxMnNjbSUyMiUyMHdpZHRoJTNEJTIyNjAwJTIyJTIwaGVpZ2h0JTNEJTIyNDUwJTIyJTIwc3R5bGUlM0QlMjJib3JkZXIlM0EwJTNCJTIyJTIwYWxsb3dmdWxsc2NyZWVuJTNEJTIyJTIyJTIwbG9hZGluZyUzRCUyMmxhenklMjIlMjByZWZlcnJlcnBvbGljeSUzRCUyMm5vLXJlZmVycmVyLXdoZW4tZG93bmdyYWRlJTIyJTNFJTNDJTJGaWZyYW1lJTNF&#8221;][\/vc_column][\/vc_row]\n<\/section>","protected":false},"excerpt":{"rendered":"<p>[vc_row][vc_column][wgl_spacing spacer_size=&#8221;180px&#8221; responsive_desktop=&#8221;true&#8221; responsive_tablet=&#8221;true&#8221; responsive_mobile=&#8221;true&#8221;][\/vc_column][\/vc_row][vc_row][vc_column width=&#8221;1\/2&#8243; offset=&#8221;vc_col-md-4&#8243;][wgl_services_4 icon_type=&#8221;font&#8221; icon_font_type=&#8221;type_flaticon&#8221; icon_flaticon=&#8221;flaticon-map-1&#8243; alignment=&#8221;center&#8221; icon_color=&#8221;#f97339&#8243; custom_icon_size=&#8221;45&#8243; title=&#8221;Ouvert 24\/7&#8243; add_link=&#8221;true&#8221; link=&#8221;url:%23|title:Venez%20vite!&#8221; subtitle=&#8221;BP: 4406 Yd\u00e9 Quartier Eleveur&#8221; add_shadow=&#8221;true&#8221;][wgl_spacing spacer_size=&#8221;30px&#8221;][\/vc_column][vc_column width=&#8221;1\/2&#8243; offset=&#8221;vc_col-md-4&#8243;][wgl_services_4 icon_type=&#8221;font&#8221; icon_font_type=&#8221;type_flaticon&#8221; icon_flaticon=&#8221;flaticon-app&#8221; alignment=&#8221;center&#8221; icon_color=&#8221;#03a510&#8243; custom_icon_size=&#8221;45&#8243; title=&#8221;A votre \u00e9coute&#8221; add_link=&#8221;true&#8221; link=&#8221;url:%23|title:Appelez%20nous!&#8221; subtitle=&#8221;GSM: 673 23 65 75&#8243; service_content=&#8221;Fixe: 2 22 22 02 38&#8243; add_shadow=&#8221;true&#8221;][wgl_spacing spacer_size=&#8221;30px&#8221;][\/vc_column][vc_column width=&#8221;1\/2&#8243; offset=&#8221;vc_col-md-offset-0 vc_col-md-4 vc_col-sm-offset-3&#8243;][wgl_services_4 icon_type=&#8221;font&#8221; [&hellip;]<\/p>\n","protected":false},"author":1,"featured_media":0,"parent":0,"menu_order":0,"comment_status":"closed","ping_status":"closed","template":"","meta":{"footnotes":""},"class_list":["post-171","page","type-page","status-publish","hentry"],"yoast_head":"<!-- This site is optimized with the Yoast SEO plugin v21.0 - https:\/\/yoast.com\/wordpress\/plugins\/seo\/ -->\n<title>Photographie, Imprimerie, Expertise et Conseils...<\/title>\n<meta name=\"description\" content=\"Besoin d&#039;une agence ouverte 24\/7 \u00e0 Yaound\u00e9 au Cameroun? Avec Global Business Consulting vous \u00eates satisfait, conseill\u00e9 et nous sommes ravis!\" \/>\n<meta name=\"robots\" content=\"index, follow, max-snippet:-1, max-image-preview:large, max-video-preview:-1\" \/>\n<link rel=\"canonical\" href=\"https:\/\/gbcsarl.com\/index.php\/contacts\/\" \/>\n<meta property=\"og:locale\" content=\"fr_FR\" \/>\n<meta property=\"og:type\" content=\"article\" \/>\n<meta property=\"og:title\" content=\"Photographie, Imprimerie, Expertise et Conseils...\" \/>\n<meta property=\"og:description\" content=\"Besoin d&#039;une agence ouverte 24\/7 \u00e0 Yaound\u00e9 au Cameroun? Avec Global Business Consulting vous \u00eates satisfait, conseill\u00e9 et nous sommes ravis!\" \/>\n<meta property=\"og:url\" content=\"https:\/\/gbcsarl.com\/index.php\/contacts\/\" \/>\n<meta property=\"og:site_name\" content=\"Global Business Consulting\" \/>\n<meta property=\"article:modified_time\" content=\"2025-12-02T09:10:53+00:00\" \/>\n<meta property=\"og:image\" content=\"https:\/\/gbcsarl.com\/wp-content\/uploads\/2023\/08\/gbc_logo_consulting-2.png\" \/>\n\t<meta property=\"og:image:width\" content=\"567\" \/>\n\t<meta property=\"og:image:height\" content=\"95\" \/>\n\t<meta property=\"og:image:type\" content=\"image\/png\" \/>\n<meta name=\"twitter:card\" content=\"summary_large_image\" \/>\n<meta name=\"twitter:label1\" content=\"Dur\u00e9e de lecture estim\u00e9e\" \/>\n\t<meta name=\"twitter:data1\" content=\"1 minute\" \/>\n<script type=\"application\/ld+json\" class=\"yoast-schema-graph\">{\"@context\":\"https:\/\/schema.org\",\"@graph\":[{\"@type\":\"WebPage\",\"@id\":\"https:\/\/gbcsarl.com\/index.php\/contacts\/\",\"url\":\"https:\/\/gbcsarl.com\/index.php\/contacts\/\",\"name\":\"Photographie, Imprimerie, Expertise et Conseils...\",\"isPartOf\":{\"@id\":\"https:\/\/gbcsarl.com\/#website\"},\"datePublished\":\"2023-08-03T09:09:09+00:00\",\"dateModified\":\"2025-12-02T09:10:53+00:00\",\"description\":\"Besoin d'une agence ouverte 24\/7 \u00e0 Yaound\u00e9 au Cameroun? Avec Global Business Consulting vous \u00eates satisfait, conseill\u00e9 et nous sommes ravis!\",\"breadcrumb\":{\"@id\":\"https:\/\/gbcsarl.com\/index.php\/contacts\/#breadcrumb\"},\"inLanguage\":\"fr-FR\",\"potentialAction\":[{\"@type\":\"ReadAction\",\"target\":[\"https:\/\/gbcsarl.com\/index.php\/contacts\/\"]}]},{\"@type\":\"BreadcrumbList\",\"@id\":\"https:\/\/gbcsarl.com\/index.php\/contacts\/#breadcrumb\",\"itemListElement\":[{\"@type\":\"ListItem\",\"position\":1,\"name\":\"Accueil\",\"item\":\"https:\/\/gbcsarl.com\/\"},{\"@type\":\"ListItem\",\"position\":2,\"name\":\"Contacts de Global Business Consulting\"}]},{\"@type\":\"WebSite\",\"@id\":\"https:\/\/gbcsarl.com\/#website\",\"url\":\"https:\/\/gbcsarl.com\/\",\"name\":\"Global Business Consulting\",\"description\":\"Photographie, Imprimerie, Expertise et Conseils...\",\"publisher\":{\"@id\":\"https:\/\/gbcsarl.com\/#organization\"},\"potentialAction\":[{\"@type\":\"SearchAction\",\"target\":{\"@type\":\"EntryPoint\",\"urlTemplate\":\"https:\/\/gbcsarl.com\/?s={search_term_string}\"},\"query-input\":\"required name=search_term_string\"}],\"inLanguage\":\"fr-FR\"},{\"@type\":\"Organization\",\"@id\":\"https:\/\/gbcsarl.com\/#organization\",\"name\":\"Global Business Consulting SARL\",\"url\":\"https:\/\/gbcsarl.com\/\",\"logo\":{\"@type\":\"ImageObject\",\"inLanguage\":\"fr-FR\",\"@id\":\"https:\/\/gbcsarl.com\/#\/schema\/logo\/image\/\",\"url\":\"https:\/\/gbcsarl.com\/wp-content\/uploads\/2023\/08\/gbc_logo_consulting-2.png\",\"contentUrl\":\"https:\/\/gbcsarl.com\/wp-content\/uploads\/2023\/08\/gbc_logo_consulting-2.png\",\"width\":567,\"height\":95,\"caption\":\"Global Business Consulting SARL\"},\"image\":{\"@id\":\"https:\/\/gbcsarl.com\/#\/schema\/logo\/image\/\"}}]}<\/script>\n<!-- \/ Yoast SEO plugin. -->","yoast_head_json":{"title":"Photographie, Imprimerie, Expertise et Conseils...","description":"Besoin d'une agence ouverte 24\/7 \u00e0 Yaound\u00e9 au Cameroun? Avec Global Business Consulting vous \u00eates satisfait, conseill\u00e9 et nous sommes ravis!","robots":{"index":"index","follow":"follow","max-snippet":"max-snippet:-1","max-image-preview":"max-image-preview:large","max-video-preview":"max-video-preview:-1"},"canonical":"https:\/\/gbcsarl.com\/index.php\/contacts\/","og_locale":"fr_FR","og_type":"article","og_title":"Photographie, Imprimerie, Expertise et Conseils...","og_description":"Besoin d'une agence ouverte 24\/7 \u00e0 Yaound\u00e9 au Cameroun? Avec Global Business Consulting vous \u00eates satisfait, conseill\u00e9 et nous sommes ravis!","og_url":"https:\/\/gbcsarl.com\/index.php\/contacts\/","og_site_name":"Global Business Consulting","article_modified_time":"2025-12-02T09:10:53+00:00","og_image":[{"width":567,"height":95,"url":"https:\/\/gbcsarl.com\/wp-content\/uploads\/2023\/08\/gbc_logo_consulting-2.png","type":"image\/png"}],"twitter_card":"summary_large_image","twitter_misc":{"Dur\u00e9e de lecture estim\u00e9e":"1 minute"},"schema":{"@context":"https:\/\/schema.org","@graph":[{"@type":"WebPage","@id":"https:\/\/gbcsarl.com\/index.php\/contacts\/","url":"https:\/\/gbcsarl.com\/index.php\/contacts\/","name":"Photographie, Imprimerie, Expertise et Conseils...","isPartOf":{"@id":"https:\/\/gbcsarl.com\/#website"},"datePublished":"2023-08-03T09:09:09+00:00","dateModified":"2025-12-02T09:10:53+00:00","description":"Besoin d'une agence ouverte 24\/7 \u00e0 Yaound\u00e9 au Cameroun? Avec Global Business Consulting vous \u00eates satisfait, conseill\u00e9 et nous sommes ravis!","breadcrumb":{"@id":"https:\/\/gbcsarl.com\/index.php\/contacts\/#breadcrumb"},"inLanguage":"fr-FR","potentialAction":[{"@type":"ReadAction","target":["https:\/\/gbcsarl.com\/index.php\/contacts\/"]}]},{"@type":"BreadcrumbList","@id":"https:\/\/gbcsarl.com\/index.php\/contacts\/#breadcrumb","itemListElement":[{"@type":"ListItem","position":1,"name":"Accueil","item":"https:\/\/gbcsarl.com\/"},{"@type":"ListItem","position":2,"name":"Contacts de Global Business Consulting"}]},{"@type":"WebSite","@id":"https:\/\/gbcsarl.com\/#website","url":"https:\/\/gbcsarl.com\/","name":"Global Business Consulting","description":"Photographie, Imprimerie, Expertise et Conseils...","publisher":{"@id":"https:\/\/gbcsarl.com\/#organization"},"potentialAction":[{"@type":"SearchAction","target":{"@type":"EntryPoint","urlTemplate":"https:\/\/gbcsarl.com\/?s={search_term_string}"},"query-input":"required name=search_term_string"}],"inLanguage":"fr-FR"},{"@type":"Organization","@id":"https:\/\/gbcsarl.com\/#organization","name":"Global Business Consulting SARL","url":"https:\/\/gbcsarl.com\/","logo":{"@type":"ImageObject","inLanguage":"fr-FR","@id":"https:\/\/gbcsarl.com\/#\/schema\/logo\/image\/","url":"https:\/\/gbcsarl.com\/wp-content\/uploads\/2023\/08\/gbc_logo_consulting-2.png","contentUrl":"https:\/\/gbcsarl.com\/wp-content\/uploads\/2023\/08\/gbc_logo_consulting-2.png","width":567,"height":95,"caption":"Global Business Consulting SARL"},"image":{"@id":"https:\/\/gbcsarl.com\/#\/schema\/logo\/image\/"}}]}},"_links":{"self":[{"href":"https:\/\/gbcsarl.com\/index.php\/wp-json\/wp\/v2\/pages\/171","targetHints":{"allow":["GET"]}}],"collection":[{"href":"https:\/\/gbcsarl.com\/index.php\/wp-json\/wp\/v2\/pages"}],"about":[{"href":"https:\/\/gbcsarl.com\/index.php\/wp-json\/wp\/v2\/types\/page"}],"author":[{"embeddable":true,"href":"https:\/\/gbcsarl.com\/index.php\/wp-json\/wp\/v2\/users\/1"}],"replies":[{"embeddable":true,"href":"https:\/\/gbcsarl.com\/index.php\/wp-json\/wp\/v2\/comments?post=171"}],"version-history":[{"count":37,"href":"https:\/\/gbcsarl.com\/index.php\/wp-json\/wp\/v2\/pages\/171\/revisions"}],"predecessor-version":[{"id":3875,"href":"https:\/\/gbcsarl.com\/index.php\/wp-json\/wp\/v2\/pages\/171\/revisions\/3875"}],"wp:attachment":[{"href":"https:\/\/gbcsarl.com\/index.php\/wp-json\/wp\/v2\/media?parent=171"}],"curies":[{"name":"wp","href":"https:\/\/api.w.org\/{rel}","templated":true}]}}