{"id":2436,"date":"2023-08-11T11:44:57","date_gmt":"2023-08-11T09:44:57","guid":{"rendered":"https:\/\/gbcsarl.com\/?page_id=2436"},"modified":"2023-08-11T11:44:57","modified_gmt":"2023-08-11T09:44:57","slug":"cout-par-clic","status":"publish","type":"page","link":"https:\/\/gbcsarl.com\/index.php\/cout-par-clic\/","title":{"rendered":"Co\u00fbt Par Clic"},"content":{"rendered":"<section class=\"wpb-content-wrapper\">[vc_row][vc_column][wgl_spacing spacer_size=&#8221;200px&#8221;][wgl_double_headings squares_color=&#8221;#f6f6f6&#8243; title_color=&#8221;#232323&#8243; subtitle=&#8221;Tout pour vous faire r\u00e9ussir&#8221; add_squares=&#8221;true&#8221; responsive_font=&#8221;true&#8221; font_size_tablet=&#8221;38&#8243; font_size_mobile=&#8221;34&#8243;]Une \u00e9quipe d&#8217;experts &amp; consultants \u00e0 votre disposition[\/wgl_double_headings][wgl_spacing spacer_size=&#8221;50px&#8221;][vc_row_inner][vc_column_inner offset=&#8221;vc_col-lg-offset-2 vc_col-lg-8 vc_col-md-offset-1 vc_col-md-10&#8243;][wgl_spacing spacer_size=&#8221;22px&#8221;][vc_column_text]\n<p style=\"text-align: center;\"><strong>Etre premier sur la concurrence et y rester?<\/strong><br \/>\n<strong>Nous cr\u00e9ons une strat\u00e9gie compl\u00e8te gagnante pour vous de A \u00e0 Z afin<\/strong><br \/>\n<strong>que vous optimisiez vos performances pour convertir vos prospects en clients fid\u00e8les <\/strong><\/p>\n[\/vc_column_text][\/vc_column_inner][\/vc_row_inner][wgl_spacing spacer_size=&#8221;40px&#8221;][vc_row_inner][vc_column_inner width=&#8221;1\/2&#8243; offset=&#8221;vc_col-md-4&#8243;][wgl_flip_box front_bg_style=&#8221;front_image&#8221; front_title_color=&#8221;#ffffff&#8221; back_bg_style=&#8221;gradient&#8221; bg_gradient_idle_start=&#8221;#0c1bae&#8221; bg_gradient_idle_end=&#8221;#3486fe&#8221; back_descr_color=&#8221;#ffffff&#8221; front_title=&#8221;Une mission&#8221; add_back_logo_image=&#8221;true&#8221; back_descr=&#8221;Global Business Consulting s\u2019occupe de tous les aspects de vos besoins. Notre objectif est de rendre votre marque plus visible en ligne.&#8221; front_bg_image=&#8221;2347&#8243;][wgl_spacing spacer_size=&#8221;30px&#8221;][\/vc_column_inner][vc_column_inner width=&#8221;1\/2&#8243; offset=&#8221;vc_col-md-4&#8243;][wgl_flip_box front_bg_style=&#8221;front_image&#8221; front_title_color=&#8221;#ffffff&#8221; back_bg_style=&#8221;gradient&#8221; bg_gradient_idle_start=&#8221;#0c1bae&#8221; bg_gradient_idle_end=&#8221;#3486fe&#8221; back_descr_color=&#8221;#ffffff&#8221; front_title=&#8221;Une Vision&#8221; add_back_logo_image=&#8221;true&#8221; back_descr=&#8221;Chez nous, avec nos \u00e9quipes il n\u2019y a qu\u2019un seul objectif commun, et c\u2019est de s\u2019attarder sur les id\u00e9es et de travailler \u00e0 leur concr\u00e9tisation.&#8221; front_bg_image=&#8221;2348&#8243;][wgl_spacing spacer_size=&#8221;30px&#8221;][\/vc_column_inner][vc_column_inner width=&#8221;1\/2&#8243; offset=&#8221;vc_col-md-offset-0 vc_col-md-4 vc_col-sm-offset-3&#8243;][wgl_flip_box front_bg_style=&#8221;front_image&#8221; front_title_color=&#8221;#ffffff&#8221; back_bg_style=&#8221;gradient&#8221; bg_gradient_idle_start=&#8221;#0c1bae&#8221; bg_gradient_idle_end=&#8221;#3486fe&#8221; back_descr_color=&#8221;#ffffff&#8221; front_title=&#8221;La Valeur&#8221; add_back_logo_image=&#8221;true&#8221; back_descr=&#8221;Nous comprenons votre entreprise. Nous vous aidons \u00e0 identifier le bon ensemble de clients cibles pour votre entreprise&#8221; front_bg_image=&#8221;2345&#8243;][wgl_spacing spacer_size=&#8221;30px&#8221;][\/vc_column_inner][\/vc_row_inner][vc_column_text]<span style=\"color: #ffffff;\" id=\"expertise-etude-projet\"> tag-expertise-marketing<\/span>[\/vc_column_text][\/vc_column][\/vc_row][vc_row full_width=&#8221;stretch_row_content_no_spaces&#8221; css=&#8221;.vc_custom_1558422726202{background-color: #242424 !important;background-position: center !important;background-repeat: no-repeat !important;background-size: cover !important;}&#8221; add_extended=&#8221;true&#8221; values=&#8221;%5B%7B%22extended_animation%22%3A%22parallax%22%2C%22figure_color%22%3A%22%23ffffff%22%2C%22drop_colors%22%3A%22one_color%22%2C%22part_color%22%3A%22%23ff7e00%22%2C%22part_color_1%22%3A%22%23ff7e00%22%2C%22part_color_2%22%3A%22%233224e9%22%2C%22part_color_3%22%3A%22%2369e9f2%22%2C%22extended_animation_pos_vertical%22%3A%2250%22%2C%22extended_animation_pos_horizont%22%3A%2250%22%2C%22sphere_width%22%3A%22100%22%2C%22particles_number%22%3A%2250%22%2C%22particles_size%22%3A%2210%22%2C%22particles_speed%22%3A%222%22%2C%22hover_anim%22%3A%22grab%22%2C%22image_bg%22%3A%221018%22%2C%22parallax_dir%22%3A%22horizontal%22%2C%22parallax_factor%22%3A%220%22%2C%22morph_style%22%3A%22style_1%22%2C%22morph_speed%22%3A%2210%22%2C%22morph_color%22%3A%22%23f8f7f6%22%2C%22morph_rotation%22%3A%220%22%2C%22particles_position_top%22%3A%220%22%2C%22particles_position_left%22%3A%220%22%2C%22particles_width%22%3A%22100%22%2C%22particles_height%22%3A%22100%22%2C%22hide_on_mobile%22%3A%22true%22%2C%22resp_hide%22%3A%221199%22%7D%2C%7B%22extended_animation%22%3A%22parallax%22%2C%22figure_color%22%3A%22%23ffffff%22%2C%22drop_colors%22%3A%22one_color%22%2C%22part_color%22%3A%22%23ff7e00%22%2C%22part_color_1%22%3A%22%23ff7e00%22%2C%22part_color_2%22%3A%22%233224e9%22%2C%22part_color_3%22%3A%22%2369e9f2%22%2C%22extended_animation_pos_vertical%22%3A%2250%22%2C%22extended_animation_pos_horizont%22%3A%2250%22%2C%22sphere_width%22%3A%22100%22%2C%22particles_number%22%3A%2250%22%2C%22particles_size%22%3A%2210%22%2C%22particles_speed%22%3A%222%22%2C%22hover_anim%22%3A%22grab%22%2C%22image_bg%22%3A%22685%22%2C%22parallax_dir%22%3A%22vertical%22%2C%22parallax_factor%22%3A%220%22%2C%22morph_style%22%3A%22style_1%22%2C%22morph_speed%22%3A%2210%22%2C%22morph_color%22%3A%22%23f8f7f6%22%2C%22morph_rotation%22%3A%220%22%2C%22particles_position_top%22%3A%2280%22%2C%22particles_position_left%22%3A%220%22%2C%22particles_width%22%3A%22100%22%2C%22particles_height%22%3A%22100%22%2C%22resp_hide%22%3A%22768%22%7D%5D&#8221;][vc_column col_pos_horizont=&#8221;-2&#8243; col_pos_vertical=&#8221;101&#8243; css=&#8221;.vc_custom_1557905711314{padding-right: 15px !important;padding-left: 15px !important;background-position: 0 0 !important;background-repeat: no-repeat !important;}&#8221; offset=&#8221;vc_col-lg-offset-2 vc_col-lg-3 vc_col-md-offset-1 vc_col-md-10&#8243;][wgl_spacing spacer_size=&#8221;30px&#8221;][vc_column_text]\n<h3><span style=\"color: #ffffff;\">Co\u00fbt Par Clic<\/span><\/h3>\n[\/vc_column_text][vc_row_inner][vc_column_inner css=&#8221;.vc_custom_1558364732622{padding-top: 0px !important;padding-right: 5px !important;}&#8221; offset=&#8221;vc_col-lg-9 vc_col-md-12&#8243;][wgl_double_headings squares_color=&#8221;#1e73be&#8221; title_size=&#8221;36px&#8221; title_color=&#8221;#ffffff&#8221; subtitle_color=&#8221;#ffffff&#8221; add_squares=&#8221;true&#8221; custom_title_color=&#8221;true&#8221; custom_subtitle_color=&#8221;true&#8221; responsive_font=&#8221;true&#8221; font_size_tablet=&#8221;38&#8243; font_size_mobile=&#8221;34&#8243; subtitle=&#8221;_________________&#8221;][\/wgl_double_headings][\/vc_column_inner][\/vc_row_inner][wgl_spacing spacer_size=&#8221;26px&#8221;][vc_column_text]<span style=\"color: #ffffff;\">L\u2019agence Pay Per Clic au Cameroun \u2013 Toujours \u00e0 la recherche des meilleurs services Pay Per Clic d\u2019une agence de gestion de Pay Per Clic de Google Adwords. Si oui, ne vous inqui\u00e9tez pas. Global Business Consulting est l\u2019une des meilleures agence de Pay Per Clic au Cameroun<\/span>[\/vc_column_text][wgl_spacing spacer_size=&#8221;120px&#8221;][wgl_button button_text=&#8221;Prendre contact&#8221; icon_type=&#8221;font&#8221; icon_pack=&#8221;fontawesome&#8221; icon_position=&#8221;right&#8221; icon_fontawesome=&#8221;fas fa-arrow-right&#8221; customize=&#8221;gradient&#8221; text_color=&#8221;#ffffff&#8221; bg_gradient_idle_start=&#8221;#0c1bae&#8221; bg_gradient_idle_end=&#8221;#3486fe&#8221; bg_gradient_hover_start=&#8221;#3486fe&#8221; bg_gradient_hover_end=&#8221;#0c1bae&#8221; border_gradient_idle_start=&#8221;#0c1bae&#8221; border_gradient_idle_end=&#8221;#3486fe&#8221; border_gradient_hover_start=&#8221;#3486fe&#8221; border_gradient_hover_end=&#8221;#0c1bae&#8221; link=&#8221;url:https%3A%2F%2Fgbcsarl.com%2Findex.php%2Fcontacts%2F%23tag_form&#8221;][\/vc_column][vc_column offset=&#8221;vc_col-lg-offset-1 vc_col-lg-6 vc_col-md-12&#8243; css=&#8221;.vc_custom_1557904820797{padding-top: 0px !important;}&#8221;][wgl_spacing spacer_size=&#8221;30&#8243; screen_desktops=&#8221;1200&#8243; responsive_desktop=&#8221;true&#8221; size_desktops=&#8221;0&#8243;][vc_single_image image=&#8221;2405&#8243; img_size=&#8221;full&#8221;][\/vc_column][\/vc_row]\n<\/section>","protected":false},"excerpt":{"rendered":"<p>[vc_row][vc_column][wgl_spacing spacer_size=&#8221;200px&#8221;][wgl_double_headings squares_color=&#8221;#f6f6f6&#8243; title_color=&#8221;#232323&#8243; subtitle=&#8221;Tout pour vous faire r\u00e9ussir&#8221; add_squares=&#8221;true&#8221; responsive_font=&#8221;true&#8221; font_size_tablet=&#8221;38&#8243; font_size_mobile=&#8221;34&#8243;]Une \u00e9quipe d&#8217;experts &amp; consultants \u00e0 votre disposition[\/wgl_double_headings][wgl_spacing spacer_size=&#8221;50px&#8221;][vc_row_inner][vc_column_inner offset=&#8221;vc_col-lg-offset-2 vc_col-lg-8 vc_col-md-offset-1 vc_col-md-10&#8243;][wgl_spacing spacer_size=&#8221;22px&#8221;][vc_column_text] Etre premier sur la concurrence et y rester? Nous cr\u00e9ons une strat\u00e9gie compl\u00e8te gagnante pour vous de A \u00e0 Z afin que vous optimisiez vos performances pour convertir vos [&hellip;]<\/p>\n","protected":false},"author":1,"featured_media":0,"parent":0,"menu_order":0,"comment_status":"closed","ping_status":"closed","template":"","meta":{"footnotes":""},"class_list":["post-2436","page","type-page","status-publish","hentry"],"yoast_head":"<!-- This site is optimized with the Yoast SEO plugin v21.0 - https:\/\/yoast.com\/wordpress\/plugins\/seo\/ -->\n<title>Co\u00fbt Par Clic - Global Business Consulting<\/title>\n<meta name=\"robots\" content=\"index, follow, max-snippet:-1, max-image-preview:large, max-video-preview:-1\" \/>\n<link rel=\"canonical\" href=\"https:\/\/gbcsarl.com\/index.php\/cout-par-clic\/\" \/>\n<meta property=\"og:locale\" content=\"fr_FR\" \/>\n<meta property=\"og:type\" content=\"article\" \/>\n<meta property=\"og:title\" content=\"Co\u00fbt Par Clic - Global Business Consulting\" \/>\n<meta property=\"og:description\" content=\"[vc_row][vc_column][wgl_spacing spacer_size=&#8221;200px&#8221;][wgl_double_headings squares_color=&#8221;#f6f6f6&#8243; title_color=&#8221;#232323&#8243; subtitle=&#8221;Tout pour vous faire r\u00e9ussir&#8221; add_squares=&#8221;true&#8221; responsive_font=&#8221;true&#8221; font_size_tablet=&#8221;38&#8243; font_size_mobile=&#8221;34&#8243;]Une \u00e9quipe d&#8217;experts &amp; consultants \u00e0 votre disposition[\/wgl_double_headings][wgl_spacing spacer_size=&#8221;50px&#8221;][vc_row_inner][vc_column_inner offset=&#8221;vc_col-lg-offset-2 vc_col-lg-8 vc_col-md-offset-1 vc_col-md-10&#8243;][wgl_spacing spacer_size=&#8221;22px&#8221;][vc_column_text] Etre premier sur la concurrence et y rester? Nous cr\u00e9ons une strat\u00e9gie compl\u00e8te gagnante pour vous de A \u00e0 Z afin que vous optimisiez vos performances pour convertir vos [&hellip;]\" \/>\n<meta property=\"og:url\" content=\"https:\/\/gbcsarl.com\/index.php\/cout-par-clic\/\" \/>\n<meta property=\"og:site_name\" content=\"Global Business Consulting\" \/>\n<meta property=\"og:image\" content=\"https:\/\/gbcsarl.com\/wp-content\/uploads\/2023\/08\/gbc_logo_consulting-2.png\" \/>\n\t<meta property=\"og:image:width\" content=\"567\" \/>\n\t<meta property=\"og:image:height\" content=\"95\" \/>\n\t<meta property=\"og:image:type\" content=\"image\/png\" \/>\n<meta name=\"twitter:card\" content=\"summary_large_image\" \/>\n<meta name=\"twitter:label1\" content=\"Dur\u00e9e de lecture estim\u00e9e\" \/>\n\t<meta name=\"twitter:data1\" content=\"5 minutes\" \/>\n<script type=\"application\/ld+json\" class=\"yoast-schema-graph\">{\"@context\":\"https:\/\/schema.org\",\"@graph\":[{\"@type\":\"WebPage\",\"@id\":\"https:\/\/gbcsarl.com\/index.php\/cout-par-clic\/\",\"url\":\"https:\/\/gbcsarl.com\/index.php\/cout-par-clic\/\",\"name\":\"Co\u00fbt Par Clic - Global Business Consulting\",\"isPartOf\":{\"@id\":\"https:\/\/gbcsarl.com\/#website\"},\"datePublished\":\"2023-08-11T09:44:57+00:00\",\"dateModified\":\"2023-08-11T09:44:57+00:00\",\"breadcrumb\":{\"@id\":\"https:\/\/gbcsarl.com\/index.php\/cout-par-clic\/#breadcrumb\"},\"inLanguage\":\"fr-FR\",\"potentialAction\":[{\"@type\":\"ReadAction\",\"target\":[\"https:\/\/gbcsarl.com\/index.php\/cout-par-clic\/\"]}]},{\"@type\":\"BreadcrumbList\",\"@id\":\"https:\/\/gbcsarl.com\/index.php\/cout-par-clic\/#breadcrumb\",\"itemListElement\":[{\"@type\":\"ListItem\",\"position\":1,\"name\":\"Accueil\",\"item\":\"https:\/\/gbcsarl.com\/\"},{\"@type\":\"ListItem\",\"position\":2,\"name\":\"Co\u00fbt Par Clic\"}]},{\"@type\":\"WebSite\",\"@id\":\"https:\/\/gbcsarl.com\/#website\",\"url\":\"https:\/\/gbcsarl.com\/\",\"name\":\"Global Business Consulting\",\"description\":\"Photographie, Imprimerie, Expertise et Conseils...\",\"publisher\":{\"@id\":\"https:\/\/gbcsarl.com\/#organization\"},\"potentialAction\":[{\"@type\":\"SearchAction\",\"target\":{\"@type\":\"EntryPoint\",\"urlTemplate\":\"https:\/\/gbcsarl.com\/?s={search_term_string}\"},\"query-input\":\"required name=search_term_string\"}],\"inLanguage\":\"fr-FR\"},{\"@type\":\"Organization\",\"@id\":\"https:\/\/gbcsarl.com\/#organization\",\"name\":\"Global Business Consulting SARL\",\"url\":\"https:\/\/gbcsarl.com\/\",\"logo\":{\"@type\":\"ImageObject\",\"inLanguage\":\"fr-FR\",\"@id\":\"https:\/\/gbcsarl.com\/#\/schema\/logo\/image\/\",\"url\":\"https:\/\/gbcsarl.com\/wp-content\/uploads\/2023\/08\/gbc_logo_consulting-2.png\",\"contentUrl\":\"https:\/\/gbcsarl.com\/wp-content\/uploads\/2023\/08\/gbc_logo_consulting-2.png\",\"width\":567,\"height\":95,\"caption\":\"Global Business Consulting SARL\"},\"image\":{\"@id\":\"https:\/\/gbcsarl.com\/#\/schema\/logo\/image\/\"}}]}<\/script>\n<!-- \/ Yoast SEO plugin. -->","yoast_head_json":{"title":"Co\u00fbt Par Clic - Global Business Consulting","robots":{"index":"index","follow":"follow","max-snippet":"max-snippet:-1","max-image-preview":"max-image-preview:large","max-video-preview":"max-video-preview:-1"},"canonical":"https:\/\/gbcsarl.com\/index.php\/cout-par-clic\/","og_locale":"fr_FR","og_type":"article","og_title":"Co\u00fbt Par Clic - Global Business Consulting","og_description":"[vc_row][vc_column][wgl_spacing spacer_size=&#8221;200px&#8221;][wgl_double_headings squares_color=&#8221;#f6f6f6&#8243; title_color=&#8221;#232323&#8243; subtitle=&#8221;Tout pour vous faire r\u00e9ussir&#8221; add_squares=&#8221;true&#8221; responsive_font=&#8221;true&#8221; font_size_tablet=&#8221;38&#8243; font_size_mobile=&#8221;34&#8243;]Une \u00e9quipe d&#8217;experts &amp; consultants \u00e0 votre disposition[\/wgl_double_headings][wgl_spacing spacer_size=&#8221;50px&#8221;][vc_row_inner][vc_column_inner offset=&#8221;vc_col-lg-offset-2 vc_col-lg-8 vc_col-md-offset-1 vc_col-md-10&#8243;][wgl_spacing spacer_size=&#8221;22px&#8221;][vc_column_text] Etre premier sur la concurrence et y rester? Nous cr\u00e9ons une strat\u00e9gie compl\u00e8te gagnante pour vous de A \u00e0 Z afin que vous optimisiez vos performances pour convertir vos [&hellip;]","og_url":"https:\/\/gbcsarl.com\/index.php\/cout-par-clic\/","og_site_name":"Global Business Consulting","og_image":[{"width":567,"height":95,"url":"https:\/\/gbcsarl.com\/wp-content\/uploads\/2023\/08\/gbc_logo_consulting-2.png","type":"image\/png"}],"twitter_card":"summary_large_image","twitter_misc":{"Dur\u00e9e de lecture estim\u00e9e":"5 minutes"},"schema":{"@context":"https:\/\/schema.org","@graph":[{"@type":"WebPage","@id":"https:\/\/gbcsarl.com\/index.php\/cout-par-clic\/","url":"https:\/\/gbcsarl.com\/index.php\/cout-par-clic\/","name":"Co\u00fbt Par Clic - Global Business Consulting","isPartOf":{"@id":"https:\/\/gbcsarl.com\/#website"},"datePublished":"2023-08-11T09:44:57+00:00","dateModified":"2023-08-11T09:44:57+00:00","breadcrumb":{"@id":"https:\/\/gbcsarl.com\/index.php\/cout-par-clic\/#breadcrumb"},"inLanguage":"fr-FR","potentialAction":[{"@type":"ReadAction","target":["https:\/\/gbcsarl.com\/index.php\/cout-par-clic\/"]}]},{"@type":"BreadcrumbList","@id":"https:\/\/gbcsarl.com\/index.php\/cout-par-clic\/#breadcrumb","itemListElement":[{"@type":"ListItem","position":1,"name":"Accueil","item":"https:\/\/gbcsarl.com\/"},{"@type":"ListItem","position":2,"name":"Co\u00fbt Par Clic"}]},{"@type":"WebSite","@id":"https:\/\/gbcsarl.com\/#website","url":"https:\/\/gbcsarl.com\/","name":"Global Business Consulting","description":"Photographie, Imprimerie, Expertise et Conseils...","publisher":{"@id":"https:\/\/gbcsarl.com\/#organization"},"potentialAction":[{"@type":"SearchAction","target":{"@type":"EntryPoint","urlTemplate":"https:\/\/gbcsarl.com\/?s={search_term_string}"},"query-input":"required name=search_term_string"}],"inLanguage":"fr-FR"},{"@type":"Organization","@id":"https:\/\/gbcsarl.com\/#organization","name":"Global Business Consulting SARL","url":"https:\/\/gbcsarl.com\/","logo":{"@type":"ImageObject","inLanguage":"fr-FR","@id":"https:\/\/gbcsarl.com\/#\/schema\/logo\/image\/","url":"https:\/\/gbcsarl.com\/wp-content\/uploads\/2023\/08\/gbc_logo_consulting-2.png","contentUrl":"https:\/\/gbcsarl.com\/wp-content\/uploads\/2023\/08\/gbc_logo_consulting-2.png","width":567,"height":95,"caption":"Global Business Consulting SARL"},"image":{"@id":"https:\/\/gbcsarl.com\/#\/schema\/logo\/image\/"}}]}},"_links":{"self":[{"href":"https:\/\/gbcsarl.com\/index.php\/wp-json\/wp\/v2\/pages\/2436","targetHints":{"allow":["GET"]}}],"collection":[{"href":"https:\/\/gbcsarl.com\/index.php\/wp-json\/wp\/v2\/pages"}],"about":[{"href":"https:\/\/gbcsarl.com\/index.php\/wp-json\/wp\/v2\/types\/page"}],"author":[{"embeddable":true,"href":"https:\/\/gbcsarl.com\/index.php\/wp-json\/wp\/v2\/users\/1"}],"replies":[{"embeddable":true,"href":"https:\/\/gbcsarl.com\/index.php\/wp-json\/wp\/v2\/comments?post=2436"}],"version-history":[{"count":1,"href":"https:\/\/gbcsarl.com\/index.php\/wp-json\/wp\/v2\/pages\/2436\/revisions"}],"predecessor-version":[{"id":2441,"href":"https:\/\/gbcsarl.com\/index.php\/wp-json\/wp\/v2\/pages\/2436\/revisions\/2441"}],"wp:attachment":[{"href":"https:\/\/gbcsarl.com\/index.php\/wp-json\/wp\/v2\/media?parent=2436"}],"curies":[{"name":"wp","href":"https:\/\/api.w.org\/{rel}","templated":true}]}}