{"id":2522,"date":"2023-08-13T18:27:37","date_gmt":"2023-08-13T16:27:37","guid":{"rendered":"https:\/\/gbcsarl.com\/?page_id=2522"},"modified":"2023-09-16T19:38:32","modified_gmt":"2023-09-16T17:38:32","slug":"imprimerie","status":"publish","type":"page","link":"https:\/\/gbcsarl.com\/index.php\/imprimerie\/","title":{"rendered":"Imprimerie"},"content":{"rendered":"<section class=\"wpb-content-wrapper\">[vc_row][vc_column][wgl_spacing spacer_size=&#8221;180px&#8221; responsive_desktop=&#8221;true&#8221; responsive_tablet=&#8221;true&#8221; responsive_mobile=&#8221;true&#8221;][vc_row_inner][vc_column_inner width=&#8221;1\/2&#8243;][wgl_double_headings squares_color=&#8221;#e6007e&#8221; title_size=&#8221;30px&#8221; title_line_height=&#8221;38px&#8221; title_color=&#8221;#232323&#8243; subtitle=&#8221;____Un imprimeur professionnel&#8221; add_squares=&#8221;true&#8221;]Partenaire des entreprises[\/wgl_double_headings][wgl_spacing spacer_size=&#8221;20px&#8221;][vc_column_text]<strong>Nous vous facilitons la vie et assurons la production de vos impressions avec une qualit\u00e9 in\u00e9gal\u00e9e au Cameroun.<\/strong>[\/vc_column_text][\/vc_column_inner][vc_column_inner width=&#8221;1\/2&#8243;][wgl_image_layers values=&#8221;%5B%7B%22thumbnail%22%3A%221872%22%2C%22image_animation%22%3A%22slide_left%22%2C%22image_order%22%3A%221%22%7D%2C%7B%22thumbnail%22%3A%222792%22%2C%22image_animation%22%3A%22slide_right%22%2C%22image_order%22%3A%221%22%7D%2C%7B%22thumbnail%22%3A%221869%22%2C%22image_animation%22%3A%22slide_down%22%2C%22image_order%22%3A%221%22%7D%5D&#8221;][\/vc_column_inner][\/vc_row_inner][wgl_spacing spacer_size=&#8221;50px&#8221;][vc_column_text]\n<h5 style=\"text-align: left;\"><strong>Nos engagements et valeurs, de professionnels \u00e0 professionnels<\/strong><\/h5>\n[\/vc_column_text][wgl_spacing spacer_size=&#8221;50px&#8221;][vc_row_inner][vc_column_inner width=&#8221;1\/2&#8243; offset=&#8221;vc_col-md-4&#8243;][wgl_info_box icon_type=&#8221;image&#8221; thumbnail=&#8221;2531&#8243; ib_title=&#8221;Expertise&#8221; ib_content=&#8221;Nos experts sur l\u2019ensemble de la cha\u00eene de production, GBC est \u00e0 m\u00eame de r\u00e9pondre \u00e0 toutes vos demandes d\u2019impression, m\u00eame les plus sp\u00e9cifiques.&#8221; add_shadow=&#8221;true&#8221; bg_full_width=&#8221;true&#8221;][wgl_spacing spacer_size=&#8221;30px&#8221;][\/vc_column_inner][vc_column_inner width=&#8221;1\/2&#8243; offset=&#8221;vc_col-md-4&#8243;][wgl_info_box icon_type=&#8221;image&#8221; thumbnail=&#8221;2532&#8243; ib_title=&#8221;Qualit\u00e9&#8221; ib_content=&#8221;Pour vous garantir une qualit\u00e9 d\u2019impression irr\u00e9prochable, GBC a mis en place des points de contr\u00f4le \u00e0 chaque \u00e9tape de pr\u00e9paration de votre commande.&#8221; add_shadow=&#8221;true&#8221; bg_full_width=&#8221;true&#8221;][wgl_spacing spacer_size=&#8221;30px&#8221;][\/vc_column_inner][vc_column_inner width=&#8221;1\/2&#8243; offset=&#8221;vc_col-md-offset-0 vc_col-md-4 vc_col-sm-offset-3&#8243;][wgl_info_box icon_type=&#8221;image&#8221; thumbnail=&#8221;2533&#8243; ib_title=&#8221;Satisfaction client&#8221; ib_content=&#8221;Le conseil et l\u2019accompagnement \u00e9tant deux valeurs fortes pour GBC , nous restons \u00e0 votre \u00e9coute 24\/7 pour vous aider \u00e0 construire tous vos projets.&#8221; add_shadow=&#8221;true&#8221; bg_full_width=&#8221;true&#8221;][wgl_spacing spacer_size=&#8221;30px&#8221;][\/vc_column_inner][\/vc_row_inner][\/vc_column][vc_column][vc_row_inner][vc_column_inner width=&#8221;2\/3&#8243;][wgl_spacing spacer_size=&#8221;20px&#8221;][vc_column_text]Disposer de\u00a0<strong>supports de communication vari\u00e9s<\/strong>\u00a0est un enjeu majeur pour la visibilit\u00e9 d&#8217;une soci\u00e9t\u00e9. Le choix du partenaire est donc important pour la qualit\u00e9 des produits imprim\u00e9s, leurs co\u00fbts, et les services propos\u00e9s (conseils, livraison, support, etc.).<\/p>\n<p>Avec des<span>\u00a0<strong>tarifs<\/strong><\/span><strong>\u00a0<\/strong>d&#8217;imprimerie plus bas, une\u00a0<strong>rapidit\u00e9<\/strong>, une<span>\u00a0<\/span><strong>r\u00e9activit\u00e9\u00a0<\/strong>et un tr\u00e8s bon service client au c\u0153ur de la d\u00e9marche, le choix d&#8217;un imprimeur en ligne comme GB Print s&#8217;impose de nos jours comme une \u00e9vidence.<\/p>\n<p>GB Print, imprimerie en ligne fran\u00e7aise, accompagne l\u2019ensemble de ses clients avec succ\u00e8s sur leurs besoins pour tous types de supports publicitaires, communication, papeterie, marketing, signal\u00e9tique, goodies ou \u00e9v\u00e9nementiel, et ce depuis plus de 20 ans.[\/vc_column_text][\/vc_column_inner][vc_column_inner width=&#8221;1\/3&#8243;][wgl_spacing spacer_size=&#8221;20px&#8221;][vc_column_text]\n<h6 class=\"h2_head mb10\">8 raisons d&#8217;imprimer avec GB Print<\/h6>\n[\/vc_column_text][wgl_spacing spacer_size=&#8221;30px&#8221;][vc_column_text]\n<ul>\n<li>Des tarifs pas chers en ligne<\/li>\n<li>Des devis gratuits sur mesure<\/li>\n<li>Conseils r\u00e9actifs et personnalis\u00e9s<\/li>\n<li>Une tr\u00e8s large gamme de r\u00e9f\u00e9rences<\/li>\n<li>Un interlocuteur unique, \u00e0 votre \u00e9coute<\/li>\n<li>Des services pour toutes les entreprises<\/li>\n<li>Un engagement de qualit\u00e9 et de prix<\/li>\n<li>Nos \u00e9quipes sont bas\u00e9es au Cameroun (Yaound\u00e9) depuis 05 ans<\/li>\n<\/ul>\n[\/vc_column_text][\/vc_column_inner][\/vc_row_inner][\/vc_column][\/vc_row][vc_row][vc_column][vc_tta_accordion style=&#8221;dark&#8221; c_position=&#8221;right&#8221; active_section=&#8221;1&#8243;][vc_tta_section title=&#8221;Imprimerie num\u00e9rique &amp; Offset&#8221; tab_id=&#8221;tag-imprimerie-numerique&#8221;][vc_row_inner][vc_column_inner width=&#8221;1\/2&#8243;][wgl_image_layers values=&#8221;%5B%7B%22thumbnail%22%3A%222554%22%2C%22image_animation%22%3A%22slide_left%22%2C%22image_order%22%3A%221%22%7D%2C%7B%22thumbnail%22%3A%222555%22%2C%22image_animation%22%3A%22slide_right%22%2C%22image_order%22%3A%221%22%7D%5D&#8221;][\/vc_column_inner][vc_column_inner width=&#8221;1\/2&#8243;][vc_column_text]\n<h5><strong>Une offre compl\u00e8te<\/strong><\/h5>\n[\/vc_column_text][wgl_spacing spacer_size=&#8221;20px&#8221;][vc_column_text]<span>GB Print\u00a0 vous propose une\u00a0<\/span>gamme de produits<span> large et compl\u00e8te pour r\u00e9pondre \u00e0 vos projets \u00e9v\u00e9nementiels, de publicit\u00e9, de communication, de signal\u00e9tique ou de papeterie logot\u00e9e. Impression toutes quantit\u00e9s, tous formats et tous supports, cartes de visite standard ou premium, flyers, d\u00e9pliants, brochures, affiches papier, enveloppes logot\u00e9es, panneaux, cartes de v\u0153ux, sets de table, stickers, roll-up, calendriers, cartes postales, autocollants, adh\u00e9sifs, panneaux, papeterie, PLV, objets publicitaires ou banderoles PVC grand format, nous avons des solutions pour votre entreprise !<\/span><\/p>\n<h6><strong>Avantages de l\u2019impression num\u00e9rique directe<\/strong><\/h6>\n<ul>\n<li>Mise en \u0153uvre rapide \u00e0 partir d\u2019un fichier haute r\u00e9solution<\/li>\n<li>Haute qualit\u00e9 d\u2019impression 630 dpi<\/li>\n<li>Un toucher plus fin et plus souple qu\u2019une S\u00e9rigraphie<\/li>\n<li>Plus de trame dans les images ou dans les d\u00e9grad\u00e9s<\/li>\n<li>Tr\u00e8s bonne tenue au lavage<\/li>\n<li>Possibilit\u00e9s de r\u00e9assortiment, m\u00eame pour de tr\u00e8s petites s\u00e9ries 2 \u00e0 5 pi\u00e8ces<\/li>\n<\/ul>\n[\/vc_column_text][\/vc_column_inner][\/vc_row_inner][vc_row_inner content_placement=&#8221;middle&#8221;][vc_column_inner][wgl_spacing spacer_size=&#8221;15px&#8221;][vc_column_text]\n<h6><strong>Nos produits les plus vendus<\/strong><\/h6>\n[\/vc_column_text][wgl_spacing spacer_size=&#8221;15px&#8221;][vc_images_carousel images=&#8221;2601,2607,2606,2605,2604,2603&#8243; img_size=&#8221;large&#8221; slides_per_view=&#8221;3&#8243; autoplay=&#8221;yes&#8221; hide_pagination_control=&#8221;yes&#8221; partial_view=&#8221;yes&#8221; wrap=&#8221;yes&#8221;][\/vc_column_inner][\/vc_row_inner][\/vc_tta_section][vc_tta_section title=&#8221;S\u00e9rigraphie et DTF&#8221; tab_id=&#8221;tag-serigraphie&#8221;][vc_row_inner][vc_column_inner width=&#8221;1\/2&#8243;][wgl_image_layers values=&#8221;%5B%7B%22thumbnail%22%3A%222562%22%2C%22image_animation%22%3A%22slide_left%22%2C%22image_order%22%3A%221%22%7D%2C%7B%22thumbnail%22%3A%222563%22%2C%22image_animation%22%3A%22slide_right%22%2C%22image_order%22%3A%221%22%7D%5D&#8221;][\/vc_column_inner][vc_column_inner width=&#8221;1\/2&#8243;][vc_column_text]\n<h5 class=\"entry-title\">Marquage en s\u00e9rigraphie<\/h5>\n[\/vc_column_text][wgl_spacing spacer_size=&#8221;20px&#8221;][vc_column_text]\n<div class=\"entry-header\">\n<h6 class=\"entry-title\"><strong>S\u00e9rigraphie sur textile<\/strong><\/h6>\n<\/div>\n<div class=\"entry-content\">\n<p>Confiez nous vos besoins en s\u00e9rigraphie sur textile, en 1 ou plusieurs couleurs, sur 1 ou plusieurs faces.<\/p><\/div>\n<div class=\"entry-header\">\n<h6 class=\"entry-title\"><strong>S\u00e9rigraphie sur objet<\/strong><\/h6>\n<\/div>\n<div class=\"entry-content\">\n<p>Nous pouvons poser votre logo sur des objets pour votre entreprise, sur des cadeaux, des goodies.<\/p><\/div>\n<div class=\"entry-header\">\n<h6 class=\"entry-title\"><strong>Transfert<\/strong><\/h6>\n<\/div>\n<div class=\"entry-content\">\n<p>Nous r\u00e9alisons \u00e0 moindre co\u00fbt des transferts sur tout textile selon le nombre de couleurs. Le transfert est une technique d&#8217;impression durable.<\/p><\/div>\n<div class=\"entry-header\">\n<h6 class=\"entry-title\"><strong>Sublimation<\/strong><\/h6>\n<\/div>\n<div class=\"entry-content\">\n<p>Nous faisons sur mesure des tours de cou, manchettes, manchons, tee shirt selon vos couleurs. Livr\u00e9 sous sachet biod\u00e9gradable.<\/p><\/div>\n<div class=\"entry-header\">\n<div class=\"entry-header\">\n<h6 class=\"entry-title\">Personnalisation objet<\/h6>\n<\/div>\n<div class=\"entry-content\">\n<p>Selon vos couleurs, vos logos, emballage individuel nous r\u00e9alisons une i<span style=\"font-size: 16px;\">mpression sur tout \u00e9quipement de club, association, entreprise.<\/span><\/div>\n<\/div>\n[\/vc_column_text][\/vc_column_inner][\/vc_row_inner][vc_row_inner][vc_column_inner][wgl_spacing spacer_size=&#8221;15px&#8221;][vc_images_carousel images=&#8221;2610,2611,2614,2612,2613,2615&#8243; img_size=&#8221;large&#8221; slides_per_view=&#8221;3&#8243; autoplay=&#8221;yes&#8221; hide_pagination_control=&#8221;yes&#8221; partial_view=&#8221;yes&#8221; wrap=&#8221;yes&#8221;][wgl_spacing spacer_size=&#8221;20px&#8221;][\/vc_column_inner][\/vc_row_inner][\/vc_tta_section][vc_tta_section title=&#8221;Broderie num\u00e9rique&#8221; tab_id=&#8221;tag-broderie-numerique&#8221;][vc_row_inner][vc_column_inner width=&#8221;1\/2&#8243;][wgl_image_layers values=&#8221;%5B%7B%22thumbnail%22%3A%222565%22%2C%22image_animation%22%3A%22slide_left%22%2C%22image_order%22%3A%221%22%7D%2C%7B%22thumbnail%22%3A%222566%22%2C%22image_animation%22%3A%22slide_right%22%2C%22image_order%22%3A%221%22%7D%5D&#8221;][\/vc_column_inner][vc_column_inner width=&#8221;1\/2&#8243;][vc_column_text]\n<h5><strong>Optez pour la broderie personnalis\u00e9e!<\/strong><\/h5>\n[\/vc_column_text][wgl_spacing spacer_size=&#8221;20px&#8221;][vc_column_text]La broderie personnalis\u00e9e est la technique de personnalisation qui offre le rendu le plus qualitatif. Le visuel brod\u00e9 sublime le textile avec style. Le relief apport\u00e9 par la broderie rend le touch\u00e9 et l\u2019aspect inimitables. Sur certains textiles plus rigides, comme les casquettes, la broderie peut se faire en 3D pour un r\u00e9sultat digne des plus grandes marques<\/p>\n<p>La broderie sur tee-shirt, sweat etc. est sans contestation la m\u00e9thode de personnalisation textile qui offre la r\u00e9sistance la plus importante. Une fois brod\u00e9, le textile sera us\u00e9 avant que la broderie ne commence, elle, \u00e0 \u00eatre ab\u00eem\u00e9e. La composition du fil, ainsi que la r\u00e9alisation de la broderie \u00e0 l\u2019aide de machines industrielles, assurent une incroyable tenue aux lavages (lavable \u00e0 95\u00b0).<\/p>\n<p>La broderie, m\u00eame classique, offre un aspect de grande qualit\u00e9 et un relief unique. Au toucher, elle offre une sensation premium de marquage indestructible. Possible sur les textiles avec un grammage sup\u00e9rieur \u00e0 180g\/m, vous trouvez une grande vari\u00e9t\u00e9 de fils et d\u2019accessoires pour r\u00e9aliser tous vos projets de broderies.[\/vc_column_text][\/vc_column_inner][\/vc_row_inner][vc_row_inner][vc_column_inner][wgl_spacing spacer_size=&#8221;20px&#8221;][vc_images_carousel images=&#8221;2618,2619,2620,2621&#8243; img_size=&#8221;large&#8221; slides_per_view=&#8221;3&#8243; autoplay=&#8221;yes&#8221; hide_pagination_control=&#8221;yes&#8221; partial_view=&#8221;yes&#8221; wrap=&#8221;yes&#8221;][wgl_spacing spacer_size=&#8221;20px&#8221;][\/vc_column_inner][\/vc_row_inner][\/vc_tta_section][vc_tta_section title=&#8221;Gadgets Publicitaires&#8221; tab_id=&#8221;tag-gadgets-publicitaires&#8221;][vc_row_inner][vc_column_inner width=&#8221;1\/2&#8243;][wgl_image_layers values=&#8221;%5B%7B%22thumbnail%22%3A%222624%22%2C%22image_animation%22%3A%22slide_left%22%2C%22image_order%22%3A%221%22%7D%2C%7B%22thumbnail%22%3A%222625%22%2C%22image_animation%22%3A%22slide_right%22%2C%22image_order%22%3A%221%22%7D%5D&#8221;][\/vc_column_inner][vc_column_inner width=&#8221;1\/2&#8243;][vc_column_text]\n<h5><strong>Les objets publicitaires\u00a0: un atout pour votre strat\u00e9gie de communication<\/strong><\/h5>\n[\/vc_column_text][wgl_spacing spacer_size=&#8221;20px&#8221;][vc_column_text]La communication par l\u2019objet est un levier efficace pour renforcer la visibilit\u00e9 et la notori\u00e9t\u00e9 de votre marque. De plus en plus populaire aupr\u00e8s des professionnels du marketing, l\u2019objet publicitaire est un vecteur de fid\u00e9lisation de vos clients et de promotion de vos produits et services.<\/p>\n<p>Un objet publicitaire est un objet personnalis\u00e9 avec le logo et \/ ou le nom d\u2019une marque ou d\u2019une entreprise et qui est offert aux clients, prospects ou partenaire de l\u2019entreprise. En r\u00e8gle g\u00e9n\u00e9rale, ses cadeaux d\u2019entreprise ont pour but de :<\/p>\n<ul>\n<li>R\u00e9compenser un client pour sa fid\u00e9lit\u00e9 en lui faisant plaisir<\/li>\n<li>Augmenter la visibilit\u00e9 de sa marque aupr\u00e8s des individu de l\u2019entourage du client expos\u00e9s \u00e0 l\u2019objet publicitaire<\/li>\n<li>Favoriser la m\u00e9morisation de sa marque gr\u00e2ce \u00e0 l\u2019exposition r\u00e9p\u00e9t\u00e9e au cadeau d\u2019affaire.<\/li>\n<\/ul>\n<p>Que vous soyez artisans, commer\u00e7ant, une association ou tout simplement une PME, vous pouvez vous lancez dans la communication par l\u2019objet. Il existe une grande vari\u00e9t\u00e9 d\u2019objets publicitaires \u00e0 personnaliser \u00e0 votre image.<\/p>\n<p>Afin de d\u00e9finir quels goodies publicitaires conviennent le mieux pour votre strat\u00e9gie de communication, il convient de se poser les bonnes questions[\/vc_column_text][\/vc_column_inner][\/vc_row_inner][\/vc_tta_section][\/vc_tta_accordion][\/vc_column][\/vc_row]\n<\/section>","protected":false},"excerpt":{"rendered":"<p>[vc_row][vc_column][wgl_spacing spacer_size=&#8221;180px&#8221; responsive_desktop=&#8221;true&#8221; responsive_tablet=&#8221;true&#8221; responsive_mobile=&#8221;true&#8221;][vc_row_inner][vc_column_inner width=&#8221;1\/2&#8243;][wgl_double_headings squares_color=&#8221;#e6007e&#8221; title_size=&#8221;30px&#8221; title_line_height=&#8221;38px&#8221; title_color=&#8221;#232323&#8243; subtitle=&#8221;____Un imprimeur professionnel&#8221; add_squares=&#8221;true&#8221;]Partenaire des entreprises[\/wgl_double_headings][wgl_spacing spacer_size=&#8221;20px&#8221;][vc_column_text]Nous vous facilitons la vie et assurons la production de vos impressions avec une qualit\u00e9 in\u00e9gal\u00e9e au Cameroun.[\/vc_column_text][\/vc_column_inner][vc_column_inner width=&#8221;1\/2&#8243;][wgl_image_layers values=&#8221;%5B%7B%22thumbnail%22%3A%221872%22%2C%22image_animation%22%3A%22slide_left%22%2C%22image_order%22%3A%221%22%7D%2C%7B%22thumbnail%22%3A%222792%22%2C%22image_animation%22%3A%22slide_right%22%2C%22image_order%22%3A%221%22%7D%2C%7B%22thumbnail%22%3A%221869%22%2C%22image_animation%22%3A%22slide_down%22%2C%22image_order%22%3A%221%22%7D%5D&#8221;][\/vc_column_inner][\/vc_row_inner][wgl_spacing spacer_size=&#8221;50px&#8221;][vc_column_text] Nos engagements et valeurs, de professionnels \u00e0 professionnels [\/vc_column_text][wgl_spacing spacer_size=&#8221;50px&#8221;][vc_row_inner][vc_column_inner width=&#8221;1\/2&#8243; offset=&#8221;vc_col-md-4&#8243;][wgl_info_box icon_type=&#8221;image&#8221; thumbnail=&#8221;2531&#8243; ib_title=&#8221;Expertise&#8221; ib_content=&#8221;Nos experts sur [&hellip;]<\/p>\n","protected":false},"author":1,"featured_media":0,"parent":0,"menu_order":0,"comment_status":"closed","ping_status":"closed","template":"","meta":{"footnotes":""},"class_list":["post-2522","page","type-page","status-publish","hentry"],"yoast_head":"<!-- This site is optimized with the Yoast SEO plugin v21.0 - https:\/\/yoast.com\/wordpress\/plugins\/seo\/ -->\n<title>Imprimerie - Global Business Consulting<\/title>\n<meta name=\"description\" content=\"Soyez au top de vos performances avec GB Print. Nous proposons et imprimons une large s\u00e9lection de supports de communication \u00e0 des prix abordables pour vous d\u00e9marquer. Commandez d\u00e8s maintenant!\" \/>\n<meta name=\"robots\" content=\"index, follow, max-snippet:-1, max-image-preview:large, max-video-preview:-1\" \/>\n<link rel=\"canonical\" href=\"https:\/\/gbcsarl.com\/index.php\/imprimerie\/\" \/>\n<meta property=\"og:locale\" content=\"fr_FR\" \/>\n<meta property=\"og:type\" content=\"article\" \/>\n<meta property=\"og:title\" content=\"Imprimerie - Global Business Consulting\" \/>\n<meta property=\"og:description\" content=\"Soyez au top de vos performances avec GB Print. Nous proposons et imprimons une large s\u00e9lection de supports de communication \u00e0 des prix abordables pour vous d\u00e9marquer. Commandez d\u00e8s maintenant!\" \/>\n<meta property=\"og:url\" content=\"https:\/\/gbcsarl.com\/index.php\/imprimerie\/\" \/>\n<meta property=\"og:site_name\" content=\"Global Business Consulting\" \/>\n<meta property=\"article:modified_time\" content=\"2023-09-16T17:38:32+00:00\" \/>\n<meta property=\"og:image\" content=\"https:\/\/gbcsarl.com\/wp-content\/uploads\/2023\/08\/gbc_logo_consulting-2.png\" \/>\n\t<meta property=\"og:image:width\" content=\"567\" \/>\n\t<meta property=\"og:image:height\" content=\"95\" \/>\n\t<meta property=\"og:image:type\" content=\"image\/png\" \/>\n<meta name=\"twitter:card\" content=\"summary_large_image\" \/>\n<meta name=\"twitter:label1\" content=\"Dur\u00e9e de lecture estim\u00e9e\" \/>\n\t<meta name=\"twitter:data1\" content=\"6 minutes\" \/>\n<script type=\"application\/ld+json\" class=\"yoast-schema-graph\">{\"@context\":\"https:\/\/schema.org\",\"@graph\":[{\"@type\":\"WebPage\",\"@id\":\"https:\/\/gbcsarl.com\/index.php\/imprimerie\/\",\"url\":\"https:\/\/gbcsarl.com\/index.php\/imprimerie\/\",\"name\":\"Imprimerie - Global Business Consulting\",\"isPartOf\":{\"@id\":\"https:\/\/gbcsarl.com\/#website\"},\"datePublished\":\"2023-08-13T16:27:37+00:00\",\"dateModified\":\"2023-09-16T17:38:32+00:00\",\"description\":\"Soyez au top de vos performances avec GB Print. Nous proposons et imprimons une large s\u00e9lection de supports de communication \u00e0 des prix abordables pour vous d\u00e9marquer. Commandez d\u00e8s maintenant!\",\"breadcrumb\":{\"@id\":\"https:\/\/gbcsarl.com\/index.php\/imprimerie\/#breadcrumb\"},\"inLanguage\":\"fr-FR\",\"potentialAction\":[{\"@type\":\"ReadAction\",\"target\":[\"https:\/\/gbcsarl.com\/index.php\/imprimerie\/\"]}]},{\"@type\":\"BreadcrumbList\",\"@id\":\"https:\/\/gbcsarl.com\/index.php\/imprimerie\/#breadcrumb\",\"itemListElement\":[{\"@type\":\"ListItem\",\"position\":1,\"name\":\"Accueil\",\"item\":\"https:\/\/gbcsarl.com\/\"},{\"@type\":\"ListItem\",\"position\":2,\"name\":\"Imprimerie\"}]},{\"@type\":\"WebSite\",\"@id\":\"https:\/\/gbcsarl.com\/#website\",\"url\":\"https:\/\/gbcsarl.com\/\",\"name\":\"Global Business Consulting\",\"description\":\"Photographie, Imprimerie, Expertise et Conseils...\",\"publisher\":{\"@id\":\"https:\/\/gbcsarl.com\/#organization\"},\"potentialAction\":[{\"@type\":\"SearchAction\",\"target\":{\"@type\":\"EntryPoint\",\"urlTemplate\":\"https:\/\/gbcsarl.com\/?s={search_term_string}\"},\"query-input\":\"required name=search_term_string\"}],\"inLanguage\":\"fr-FR\"},{\"@type\":\"Organization\",\"@id\":\"https:\/\/gbcsarl.com\/#organization\",\"name\":\"Global Business Consulting SARL\",\"url\":\"https:\/\/gbcsarl.com\/\",\"logo\":{\"@type\":\"ImageObject\",\"inLanguage\":\"fr-FR\",\"@id\":\"https:\/\/gbcsarl.com\/#\/schema\/logo\/image\/\",\"url\":\"https:\/\/gbcsarl.com\/wp-content\/uploads\/2023\/08\/gbc_logo_consulting-2.png\",\"contentUrl\":\"https:\/\/gbcsarl.com\/wp-content\/uploads\/2023\/08\/gbc_logo_consulting-2.png\",\"width\":567,\"height\":95,\"caption\":\"Global Business Consulting SARL\"},\"image\":{\"@id\":\"https:\/\/gbcsarl.com\/#\/schema\/logo\/image\/\"}}]}<\/script>\n<!-- \/ Yoast SEO plugin. -->","yoast_head_json":{"title":"Imprimerie - Global Business Consulting","description":"Soyez au top de vos performances avec GB Print. Nous proposons et imprimons une large s\u00e9lection de supports de communication \u00e0 des prix abordables pour vous d\u00e9marquer. Commandez d\u00e8s maintenant!","robots":{"index":"index","follow":"follow","max-snippet":"max-snippet:-1","max-image-preview":"max-image-preview:large","max-video-preview":"max-video-preview:-1"},"canonical":"https:\/\/gbcsarl.com\/index.php\/imprimerie\/","og_locale":"fr_FR","og_type":"article","og_title":"Imprimerie - Global Business Consulting","og_description":"Soyez au top de vos performances avec GB Print. Nous proposons et imprimons une large s\u00e9lection de supports de communication \u00e0 des prix abordables pour vous d\u00e9marquer. Commandez d\u00e8s maintenant!","og_url":"https:\/\/gbcsarl.com\/index.php\/imprimerie\/","og_site_name":"Global Business Consulting","article_modified_time":"2023-09-16T17:38:32+00:00","og_image":[{"width":567,"height":95,"url":"https:\/\/gbcsarl.com\/wp-content\/uploads\/2023\/08\/gbc_logo_consulting-2.png","type":"image\/png"}],"twitter_card":"summary_large_image","twitter_misc":{"Dur\u00e9e de lecture estim\u00e9e":"6 minutes"},"schema":{"@context":"https:\/\/schema.org","@graph":[{"@type":"WebPage","@id":"https:\/\/gbcsarl.com\/index.php\/imprimerie\/","url":"https:\/\/gbcsarl.com\/index.php\/imprimerie\/","name":"Imprimerie - Global Business Consulting","isPartOf":{"@id":"https:\/\/gbcsarl.com\/#website"},"datePublished":"2023-08-13T16:27:37+00:00","dateModified":"2023-09-16T17:38:32+00:00","description":"Soyez au top de vos performances avec GB Print. Nous proposons et imprimons une large s\u00e9lection de supports de communication \u00e0 des prix abordables pour vous d\u00e9marquer. Commandez d\u00e8s maintenant!","breadcrumb":{"@id":"https:\/\/gbcsarl.com\/index.php\/imprimerie\/#breadcrumb"},"inLanguage":"fr-FR","potentialAction":[{"@type":"ReadAction","target":["https:\/\/gbcsarl.com\/index.php\/imprimerie\/"]}]},{"@type":"BreadcrumbList","@id":"https:\/\/gbcsarl.com\/index.php\/imprimerie\/#breadcrumb","itemListElement":[{"@type":"ListItem","position":1,"name":"Accueil","item":"https:\/\/gbcsarl.com\/"},{"@type":"ListItem","position":2,"name":"Imprimerie"}]},{"@type":"WebSite","@id":"https:\/\/gbcsarl.com\/#website","url":"https:\/\/gbcsarl.com\/","name":"Global Business Consulting","description":"Photographie, Imprimerie, Expertise et Conseils...","publisher":{"@id":"https:\/\/gbcsarl.com\/#organization"},"potentialAction":[{"@type":"SearchAction","target":{"@type":"EntryPoint","urlTemplate":"https:\/\/gbcsarl.com\/?s={search_term_string}"},"query-input":"required name=search_term_string"}],"inLanguage":"fr-FR"},{"@type":"Organization","@id":"https:\/\/gbcsarl.com\/#organization","name":"Global Business Consulting SARL","url":"https:\/\/gbcsarl.com\/","logo":{"@type":"ImageObject","inLanguage":"fr-FR","@id":"https:\/\/gbcsarl.com\/#\/schema\/logo\/image\/","url":"https:\/\/gbcsarl.com\/wp-content\/uploads\/2023\/08\/gbc_logo_consulting-2.png","contentUrl":"https:\/\/gbcsarl.com\/wp-content\/uploads\/2023\/08\/gbc_logo_consulting-2.png","width":567,"height":95,"caption":"Global Business Consulting SARL"},"image":{"@id":"https:\/\/gbcsarl.com\/#\/schema\/logo\/image\/"}}]}},"_links":{"self":[{"href":"https:\/\/gbcsarl.com\/index.php\/wp-json\/wp\/v2\/pages\/2522","targetHints":{"allow":["GET"]}}],"collection":[{"href":"https:\/\/gbcsarl.com\/index.php\/wp-json\/wp\/v2\/pages"}],"about":[{"href":"https:\/\/gbcsarl.com\/index.php\/wp-json\/wp\/v2\/types\/page"}],"author":[{"embeddable":true,"href":"https:\/\/gbcsarl.com\/index.php\/wp-json\/wp\/v2\/users\/1"}],"replies":[{"embeddable":true,"href":"https:\/\/gbcsarl.com\/index.php\/wp-json\/wp\/v2\/comments?post=2522"}],"version-history":[{"count":72,"href":"https:\/\/gbcsarl.com\/index.php\/wp-json\/wp\/v2\/pages\/2522\/revisions"}],"predecessor-version":[{"id":3348,"href":"https:\/\/gbcsarl.com\/index.php\/wp-json\/wp\/v2\/pages\/2522\/revisions\/3348"}],"wp:attachment":[{"href":"https:\/\/gbcsarl.com\/index.php\/wp-json\/wp\/v2\/media?parent=2522"}],"curies":[{"name":"wp","href":"https:\/\/api.w.org\/{rel}","templated":true}]}}