{"id":2693,"date":"2023-08-15T20:15:37","date_gmt":"2023-08-15T18:15:37","guid":{"rendered":"https:\/\/gbcsarl.com\/?page_id=2693"},"modified":"2023-08-30T16:17:49","modified_gmt":"2023-08-30T14:17:49","slug":"secretariat-bureautique","status":"publish","type":"page","link":"https:\/\/gbcsarl.com\/index.php\/secretariat-bureautique\/","title":{"rendered":"Secretariat bureautique"},"content":{"rendered":"<section class=\"wpb-content-wrapper\">[vc_row full_width=&#8221;stretch_row_content&#8221; content_placement=&#8221;middle&#8221;][vc_column][wgl_spacing spacer_size=&#8221;100px&#8221; responsive_desktop=&#8221;true&#8221; responsive_tablet=&#8221;true&#8221; responsive_mobile=&#8221;true&#8221;][\/vc_column][vc_column offset=&#8221;vc_col-lg-offset-1 vc_col-lg-4 vc_col-md-6&#8243;][wgl_spacing spacer_size=&#8221;105px&#8221; screen_desktops=&#8221;1200&#8243; responsive_desktop=&#8221;true&#8221; size_desktops=&#8221;35&#8243; responsive_tablet=&#8221;true&#8221; responsive_mobile=&#8221;true&#8221;][wgl_double_headings squares_color=&#8221;#e6007e&#8221; title_size=&#8221;30px&#8221; title_line_height=&#8221;38px&#8221; title_color=&#8221;#232323&#8243; subtitle_line_height=&#8221;30px&#8221; subtitle=&#8221;____Secr\u00e9tariat ind\u00e9pendant&#8221; custom_title_color=&#8221;true&#8221; responsive_font=&#8221;true&#8221; font_size_tablet=&#8221;38&#8243; font_size_mobile=&#8221;34&#8243; custom_subtitle_color=&#8221;true&#8221; add_squares=&#8221;true&#8221;]Au del\u00e0 du professionnalisme[\/wgl_double_headings][wgl_spacing spacer_size=&#8221;20px&#8221;][vc_row_inner][vc_column_inner offset=&#8221;vc_col-lg-10&#8243;][wgl_custom_text font_size=&#8221;16&#8243;]<strong>GB Prin<\/strong>t met \u00e0 votre disposition tout un service ind\u00e9pendant de secr\u00e9tariat bureautique p<span>our compl\u00e9ter votre \u00e9quipe professionnelle existante. Nous allons vous assister dans votre activit\u00e9 et ainsi vous d\u00e9charger d&#8217;un poids pour vous laisser vous concentrer sur l&#8217;essentiel.\u00a0<\/span><\/p>\n<p>&nbsp;<\/p>\n<p><span>NB: Possibilit\u00e9 \u00e9galement de prise en charge de documents en langue anglaise, voire en allemand et en espagnol.<\/span>[\/wgl_custom_text][\/vc_column_inner][\/vc_row_inner][wgl_spacing spacer_size=&#8221;40px&#8221;][wgl_button button_text=&#8221;Prendre contact&#8221; icon_type=&#8221;font&#8221; icon_pack=&#8221;flaticon&#8221; icon_position=&#8221;right&#8221; icon_flaticon=&#8221;flaticon-right-arrow&#8221; customize=&#8221;gradient&#8221; text_color=&#8221;#232323&#8243; bg_gradient_idle_start=&#8221;#ffffff&#8221; bg_gradient_idle_end=&#8221;#ffffff&#8221; link=&#8221;url:https%3A%2F%2Fgbcsarl.com%2Findex.php%2Fcontacts%2F%23tag_form|title:Prendre%20contact&#8221;][wgl_spacing spacer_size=&#8221;30px&#8221;][\/vc_column][vc_column offset=&#8221;vc_col-lg-6 vc_col-md-6&#8243; css=&#8221;.vc_custom_1559043311060{padding-top: 0px !important;}&#8221;][wgl_image_layers values=&#8221;%5B%7B%22thumbnail%22%3A%221870%22%2C%22image_animation%22%3A%22slide_left%22%2C%22image_order%22%3A%221%22%7D%2C%7B%22thumbnail%22%3A%222705%22%2C%22image_animation%22%3A%22slide_right%22%2C%22image_order%22%3A%221%22%7D%5D&#8221;][\/vc_column][vc_column][wgl_spacing spacer_size=&#8221;40px&#8221;][vc_row_inner css=&#8221;.vc_custom_1692299579091{margin-right: 20px !important;margin-left: 40px !important;}&#8221;][vc_column_inner width=&#8221;1\/3&#8243; css=&#8221;.vc_custom_1692129860145{margin-left: 10px !important;}&#8221;][wgl_double_headings squares_color=&#8221;#f2f2f2&#8243; title_size=&#8221;18px&#8221; title_line_height=&#8221;21px&#8221; title_color=&#8221;#232323&#8243; subtitle=&#8221;____Service 01&#8243; add_squares=&#8221;true&#8221;]Assistance Secr\u00e9tariat\/Gestion de donn\u00e9es[\/wgl_double_headings][wgl_spacing spacer_size=&#8221;15px&#8221;][vc_column_text]\n<ul>\n<li title=\"\" data-original-title=\"\">Gestion administrative<\/li>\n<li title=\"\" data-original-title=\"\"><i class=\"sui sui-check\"><\/i>Gestion de Bases de donn\u00e9es<\/li>\n<li title=\"\" data-original-title=\"\"><i class=\"sui sui-check\"><\/i>Tableaux de bord<\/li>\n<li title=\"\" data-original-title=\"\"><i class=\"sui sui-check\"><\/i>Gestion\u00a0de Messageries \/ Sites internet \/ E-communication<\/li>\n<li title=\"\" data-original-title=\"\"><i class=\"sui sui-check\"><\/i>Mise sous pli<\/li>\n<\/ul>\n[\/vc_column_text][\/vc_column_inner][vc_column_inner width=&#8221;1\/3&#8243;][wgl_double_headings squares_color=&#8221;#f2f2f2&#8243; title_size=&#8221;18px&#8221; title_line_height=&#8221;21px&#8221; title_color=&#8221;#232323&#8243; subtitle=&#8221;____Service 02&#8243; add_squares=&#8221;true&#8221;]Frappe\/Relecture\/Correction\/Mise en page[\/wgl_double_headings][wgl_spacing spacer_size=&#8221;15px&#8221;][vc_column_text]\n<ul>\n<li title=\"\" data-original-title=\"\">Devis \/ Factures<\/li>\n<li title=\"\" data-original-title=\"\"><i class=\"sui sui-check\"><\/i>Courriers<\/li>\n<li title=\"\" data-original-title=\"\"><i class=\"sui sui-check\"><\/i>Articles<\/li>\n<li title=\"\" data-original-title=\"\"><i class=\"sui sui-check\"><\/i>Pr\u00e9sentations diverses<\/li>\n<li title=\"\" data-original-title=\"\"><i class=\"sui sui-check\"><\/i>Cr\u00e9ation de documents sous Word\/Excel<\/li>\n<\/ul>\n[\/vc_column_text][\/vc_column_inner][vc_column_inner width=&#8221;1\/3&#8243;][wgl_double_headings squares_color=&#8221;#f2f2f2&#8243; title_size=&#8221;18px&#8221; title_line_height=&#8221;21px&#8221; title_color=&#8221;#232323&#8243; subtitle=&#8221;____Service 03&#8243; add_squares=&#8221;true&#8221;]Retranscription de vos enregistrements [\/wgl_double_headings][wgl_spacing spacer_size=&#8221;15px&#8221;][vc_column_text]\n<ul>\n<li title=\"\" data-original-title=\"\">Comptes rendus de r\u00e9unions<\/li>\n<li title=\"\" data-original-title=\"\"><i class=\"sui sui-check\"><\/i>Rapports \u00a0\/ Conf\u00e9rences<\/li>\n<li title=\"\" data-original-title=\"\"><i class=\"sui sui-check\"><\/i>Interviews \/ Discours<\/li>\n<li title=\"\" data-original-title=\"\"><i class=\"sui sui-check\"><\/i>Courriers<\/li>\n<li title=\"\" data-original-title=\"\"><i class=\"sui sui-check\"><\/i>Actes \/\u00a0<span>Constats<\/span><\/li>\n<\/ul>\n[\/vc_column_text][\/vc_column_inner][\/vc_row_inner][wgl_spacing spacer_size=&#8221;40px&#8221;][\/vc_column][\/vc_row]\n<\/section>","protected":false},"excerpt":{"rendered":"<p>[vc_row full_width=&#8221;stretch_row_content&#8221; content_placement=&#8221;middle&#8221;][vc_column][wgl_spacing spacer_size=&#8221;100px&#8221; responsive_desktop=&#8221;true&#8221; responsive_tablet=&#8221;true&#8221; responsive_mobile=&#8221;true&#8221;][\/vc_column][vc_column offset=&#8221;vc_col-lg-offset-1 vc_col-lg-4 vc_col-md-6&#8243;][wgl_spacing spacer_size=&#8221;105px&#8221; screen_desktops=&#8221;1200&#8243; responsive_desktop=&#8221;true&#8221; size_desktops=&#8221;35&#8243; responsive_tablet=&#8221;true&#8221; responsive_mobile=&#8221;true&#8221;][wgl_double_headings squares_color=&#8221;#e6007e&#8221; title_size=&#8221;30px&#8221; title_line_height=&#8221;38px&#8221; title_color=&#8221;#232323&#8243; subtitle_line_height=&#8221;30px&#8221; subtitle=&#8221;____Secr\u00e9tariat ind\u00e9pendant&#8221; custom_title_color=&#8221;true&#8221; responsive_font=&#8221;true&#8221; font_size_tablet=&#8221;38&#8243; font_size_mobile=&#8221;34&#8243; custom_subtitle_color=&#8221;true&#8221; add_squares=&#8221;true&#8221;]Au del\u00e0 du professionnalisme[\/wgl_double_headings][wgl_spacing spacer_size=&#8221;20px&#8221;][vc_row_inner][vc_column_inner offset=&#8221;vc_col-lg-10&#8243;][wgl_custom_text font_size=&#8221;16&#8243;]GB Print met \u00e0 votre disposition tout un service ind\u00e9pendant de secr\u00e9tariat bureautique pour compl\u00e9ter votre \u00e9quipe professionnelle existante. Nous allons [&hellip;]<\/p>\n","protected":false},"author":1,"featured_media":0,"parent":0,"menu_order":0,"comment_status":"closed","ping_status":"closed","template":"","meta":{"footnotes":""},"class_list":["post-2693","page","type-page","status-publish","hentry"],"yoast_head":"<!-- This site is optimized with the Yoast SEO plugin v21.0 - https:\/\/yoast.com\/wordpress\/plugins\/seo\/ -->\n<title>Secretariat bureautique - Global Business Consulting<\/title>\n<meta name=\"description\" content=\"GB Print met \u00e0 votre disposition un service de secr\u00e9tariat bureautique pour vous ou pour compl\u00e9ter votre \u00e9quipe professionnelle existante.\" \/>\n<meta name=\"robots\" content=\"index, follow, max-snippet:-1, max-image-preview:large, max-video-preview:-1\" \/>\n<link rel=\"canonical\" href=\"https:\/\/gbcsarl.com\/index.php\/secretariat-bureautique\/\" \/>\n<meta property=\"og:locale\" content=\"fr_FR\" \/>\n<meta property=\"og:type\" content=\"article\" \/>\n<meta property=\"og:title\" content=\"Secretariat bureautique - Global Business Consulting\" \/>\n<meta property=\"og:description\" content=\"GB Print met \u00e0 votre disposition un service de secr\u00e9tariat bureautique pour vous ou pour compl\u00e9ter votre \u00e9quipe professionnelle existante.\" \/>\n<meta property=\"og:url\" content=\"https:\/\/gbcsarl.com\/index.php\/secretariat-bureautique\/\" \/>\n<meta property=\"og:site_name\" content=\"Global Business Consulting\" \/>\n<meta property=\"article:modified_time\" content=\"2023-08-30T14:17:49+00:00\" \/>\n<meta property=\"og:image\" content=\"https:\/\/gbcsarl.com\/wp-content\/uploads\/2023\/08\/gbc_logo_consulting-2.png\" \/>\n\t<meta property=\"og:image:width\" content=\"567\" \/>\n\t<meta property=\"og:image:height\" content=\"95\" \/>\n\t<meta property=\"og:image:type\" content=\"image\/png\" \/>\n<meta name=\"twitter:card\" content=\"summary_large_image\" \/>\n<meta name=\"twitter:label1\" content=\"Dur\u00e9e de lecture estim\u00e9e\" \/>\n\t<meta name=\"twitter:data1\" content=\"2 minutes\" \/>\n<script type=\"application\/ld+json\" class=\"yoast-schema-graph\">{\"@context\":\"https:\/\/schema.org\",\"@graph\":[{\"@type\":\"WebPage\",\"@id\":\"https:\/\/gbcsarl.com\/index.php\/secretariat-bureautique\/\",\"url\":\"https:\/\/gbcsarl.com\/index.php\/secretariat-bureautique\/\",\"name\":\"Secretariat bureautique - Global Business Consulting\",\"isPartOf\":{\"@id\":\"https:\/\/gbcsarl.com\/#website\"},\"datePublished\":\"2023-08-15T18:15:37+00:00\",\"dateModified\":\"2023-08-30T14:17:49+00:00\",\"description\":\"GB Print met \u00e0 votre disposition un service de secr\u00e9tariat bureautique pour vous ou pour compl\u00e9ter votre \u00e9quipe professionnelle existante.\",\"breadcrumb\":{\"@id\":\"https:\/\/gbcsarl.com\/index.php\/secretariat-bureautique\/#breadcrumb\"},\"inLanguage\":\"fr-FR\",\"potentialAction\":[{\"@type\":\"ReadAction\",\"target\":[\"https:\/\/gbcsarl.com\/index.php\/secretariat-bureautique\/\"]}]},{\"@type\":\"BreadcrumbList\",\"@id\":\"https:\/\/gbcsarl.com\/index.php\/secretariat-bureautique\/#breadcrumb\",\"itemListElement\":[{\"@type\":\"ListItem\",\"position\":1,\"name\":\"Accueil\",\"item\":\"https:\/\/gbcsarl.com\/\"},{\"@type\":\"ListItem\",\"position\":2,\"name\":\"Secretariat bureautique\"}]},{\"@type\":\"WebSite\",\"@id\":\"https:\/\/gbcsarl.com\/#website\",\"url\":\"https:\/\/gbcsarl.com\/\",\"name\":\"Global Business Consulting\",\"description\":\"Photographie, Imprimerie, Expertise et Conseils...\",\"publisher\":{\"@id\":\"https:\/\/gbcsarl.com\/#organization\"},\"potentialAction\":[{\"@type\":\"SearchAction\",\"target\":{\"@type\":\"EntryPoint\",\"urlTemplate\":\"https:\/\/gbcsarl.com\/?s={search_term_string}\"},\"query-input\":\"required name=search_term_string\"}],\"inLanguage\":\"fr-FR\"},{\"@type\":\"Organization\",\"@id\":\"https:\/\/gbcsarl.com\/#organization\",\"name\":\"Global Business Consulting SARL\",\"url\":\"https:\/\/gbcsarl.com\/\",\"logo\":{\"@type\":\"ImageObject\",\"inLanguage\":\"fr-FR\",\"@id\":\"https:\/\/gbcsarl.com\/#\/schema\/logo\/image\/\",\"url\":\"https:\/\/gbcsarl.com\/wp-content\/uploads\/2023\/08\/gbc_logo_consulting-2.png\",\"contentUrl\":\"https:\/\/gbcsarl.com\/wp-content\/uploads\/2023\/08\/gbc_logo_consulting-2.png\",\"width\":567,\"height\":95,\"caption\":\"Global Business Consulting SARL\"},\"image\":{\"@id\":\"https:\/\/gbcsarl.com\/#\/schema\/logo\/image\/\"}}]}<\/script>\n<!-- \/ Yoast SEO plugin. -->","yoast_head_json":{"title":"Secretariat bureautique - Global Business Consulting","description":"GB Print met \u00e0 votre disposition un service de secr\u00e9tariat bureautique pour vous ou pour compl\u00e9ter votre \u00e9quipe professionnelle existante.","robots":{"index":"index","follow":"follow","max-snippet":"max-snippet:-1","max-image-preview":"max-image-preview:large","max-video-preview":"max-video-preview:-1"},"canonical":"https:\/\/gbcsarl.com\/index.php\/secretariat-bureautique\/","og_locale":"fr_FR","og_type":"article","og_title":"Secretariat bureautique - Global Business Consulting","og_description":"GB Print met \u00e0 votre disposition un service de secr\u00e9tariat bureautique pour vous ou pour compl\u00e9ter votre \u00e9quipe professionnelle existante.","og_url":"https:\/\/gbcsarl.com\/index.php\/secretariat-bureautique\/","og_site_name":"Global Business Consulting","article_modified_time":"2023-08-30T14:17:49+00:00","og_image":[{"width":567,"height":95,"url":"https:\/\/gbcsarl.com\/wp-content\/uploads\/2023\/08\/gbc_logo_consulting-2.png","type":"image\/png"}],"twitter_card":"summary_large_image","twitter_misc":{"Dur\u00e9e de lecture estim\u00e9e":"2 minutes"},"schema":{"@context":"https:\/\/schema.org","@graph":[{"@type":"WebPage","@id":"https:\/\/gbcsarl.com\/index.php\/secretariat-bureautique\/","url":"https:\/\/gbcsarl.com\/index.php\/secretariat-bureautique\/","name":"Secretariat bureautique - Global Business Consulting","isPartOf":{"@id":"https:\/\/gbcsarl.com\/#website"},"datePublished":"2023-08-15T18:15:37+00:00","dateModified":"2023-08-30T14:17:49+00:00","description":"GB Print met \u00e0 votre disposition un service de secr\u00e9tariat bureautique pour vous ou pour compl\u00e9ter votre \u00e9quipe professionnelle existante.","breadcrumb":{"@id":"https:\/\/gbcsarl.com\/index.php\/secretariat-bureautique\/#breadcrumb"},"inLanguage":"fr-FR","potentialAction":[{"@type":"ReadAction","target":["https:\/\/gbcsarl.com\/index.php\/secretariat-bureautique\/"]}]},{"@type":"BreadcrumbList","@id":"https:\/\/gbcsarl.com\/index.php\/secretariat-bureautique\/#breadcrumb","itemListElement":[{"@type":"ListItem","position":1,"name":"Accueil","item":"https:\/\/gbcsarl.com\/"},{"@type":"ListItem","position":2,"name":"Secretariat bureautique"}]},{"@type":"WebSite","@id":"https:\/\/gbcsarl.com\/#website","url":"https:\/\/gbcsarl.com\/","name":"Global Business Consulting","description":"Photographie, Imprimerie, Expertise et Conseils...","publisher":{"@id":"https:\/\/gbcsarl.com\/#organization"},"potentialAction":[{"@type":"SearchAction","target":{"@type":"EntryPoint","urlTemplate":"https:\/\/gbcsarl.com\/?s={search_term_string}"},"query-input":"required name=search_term_string"}],"inLanguage":"fr-FR"},{"@type":"Organization","@id":"https:\/\/gbcsarl.com\/#organization","name":"Global Business Consulting SARL","url":"https:\/\/gbcsarl.com\/","logo":{"@type":"ImageObject","inLanguage":"fr-FR","@id":"https:\/\/gbcsarl.com\/#\/schema\/logo\/image\/","url":"https:\/\/gbcsarl.com\/wp-content\/uploads\/2023\/08\/gbc_logo_consulting-2.png","contentUrl":"https:\/\/gbcsarl.com\/wp-content\/uploads\/2023\/08\/gbc_logo_consulting-2.png","width":567,"height":95,"caption":"Global Business Consulting SARL"},"image":{"@id":"https:\/\/gbcsarl.com\/#\/schema\/logo\/image\/"}}]}},"_links":{"self":[{"href":"https:\/\/gbcsarl.com\/index.php\/wp-json\/wp\/v2\/pages\/2693","targetHints":{"allow":["GET"]}}],"collection":[{"href":"https:\/\/gbcsarl.com\/index.php\/wp-json\/wp\/v2\/pages"}],"about":[{"href":"https:\/\/gbcsarl.com\/index.php\/wp-json\/wp\/v2\/types\/page"}],"author":[{"embeddable":true,"href":"https:\/\/gbcsarl.com\/index.php\/wp-json\/wp\/v2\/users\/1"}],"replies":[{"embeddable":true,"href":"https:\/\/gbcsarl.com\/index.php\/wp-json\/wp\/v2\/comments?post=2693"}],"version-history":[{"count":31,"href":"https:\/\/gbcsarl.com\/index.php\/wp-json\/wp\/v2\/pages\/2693\/revisions"}],"predecessor-version":[{"id":3308,"href":"https:\/\/gbcsarl.com\/index.php\/wp-json\/wp\/v2\/pages\/2693\/revisions\/3308"}],"wp:attachment":[{"href":"https:\/\/gbcsarl.com\/index.php\/wp-json\/wp\/v2\/media?parent=2693"}],"curies":[{"name":"wp","href":"https:\/\/api.w.org\/{rel}","templated":true}]}}