{"id":2744,"date":"2023-08-16T13:40:39","date_gmt":"2023-08-16T11:40:39","guid":{"rendered":"https:\/\/gbcsarl.com\/?page_id=2744"},"modified":"2023-09-16T19:36:04","modified_gmt":"2023-09-16T17:36:04","slug":"photographie-pro","status":"publish","type":"page","link":"https:\/\/gbcsarl.com\/index.php\/photographie-pro\/","title":{"rendered":"Photographie et studio photo Professionnel"},"content":{"rendered":"<section class=\"wpb-content-wrapper\">[vc_row][vc_column][wgl_spacing spacer_size=&#8221;180px&#8221; responsive_desktop=&#8221;true&#8221; responsive_tablet=&#8221;true&#8221; responsive_mobile=&#8221;true&#8221;][\/vc_column][\/vc_row][vc_row][vc_column width=&#8221;1\/2&#8243;][wgl_double_headings squares_color=&#8221;#6c131d&#8221; title_size=&#8221;30px&#8221; title_line_height=&#8221;38px&#8221; title_color=&#8221;#232323&#8243; subtitle_line_height=&#8221;30px&#8221; subtitle=&#8221;____LE STUDIO DE TOUTES VOS IMAGES&#8221; custom_title_color=&#8221;true&#8221; responsive_font=&#8221;true&#8221; font_size_tablet=&#8221;38&#8243; font_size_mobile=&#8221;34&#8243; custom_subtitle_color=&#8221;true&#8221; add_squares=&#8221;true&#8221;]Plus qu&#8217;une simple photographie[\/wgl_double_headings][wgl_spacing spacer_size=&#8221;20px&#8221;][vc_column_text]<strong>Offrez vous un Portrait, une s\u00e9ance de shooting en famille, <span color=\"#ffffff\" size=\"5\">un\u00a0<\/span>book, une couverture<span color=\"#ffffff\" size=\"5\"> d&#8217;\u00e9v\u00e8nement\u00a0d&#8217;<\/span>anniversaire, naissance, mariage&#8230;<\/strong>[\/vc_column_text][\/vc_column][vc_column width=&#8221;1\/2&#8243;][wgl_image_layers values=&#8221;%5B%7B%22thumbnail%22%3A%221872%22%2C%22image_animation%22%3A%22slide_left%22%2C%22image_order%22%3A%221%22%7D%2C%7B%22thumbnail%22%3A%222787%22%2C%22image_animation%22%3A%22slide_right%22%2C%22image_order%22%3A%221%22%7D%2C%7B%22thumbnail%22%3A%221869%22%2C%22image_animation%22%3A%22fade_in%22%2C%22image_order%22%3A%221%22%7D%5D&#8221;][\/vc_column][\/vc_row][vc_row full_width=&#8221;stretch_row_content&#8221; content_placement=&#8221;middle&#8221;][vc_column offset=&#8221;vc_col-lg-offset-1 vc_col-lg-4 vc_col-md-6&#8243;][wgl_spacing spacer_size=&#8221;60px&#8221; screen_desktops=&#8221;1200&#8243; responsive_desktop=&#8221;true&#8221; size_desktops=&#8221;35&#8243;][wgl_double_headings squares_color=&#8221;#f6f6f6&#8243; title_size=&#8221;30px&#8221; title_line_height=&#8221;38px&#8221; title_color=&#8221;#232323&#8243; subtitle_line_height=&#8221;30px&#8221; subtitle=&#8221;____L\u2019art d\u2019\u00e9crire avec la lumi\u00e8re&#8221; custom_title_color=&#8221;true&#8221; responsive_font=&#8221;true&#8221; font_size_tablet=&#8221;38&#8243; font_size_mobile=&#8221;34&#8243; custom_subtitle_color=&#8221;true&#8221; add_squares=&#8221;true&#8221;]Photographie en studio[\/wgl_double_headings][wgl_spacing spacer_size=&#8221;20px&#8221;][vc_row_inner][vc_column_inner offset=&#8221;vc_col-lg-10&#8243;][wgl_custom_text font_size=&#8221;16&#8243;]<span>Nos photographes professionnels cr\u00e9ent de nombreuses atmosph\u00e8res directement au sein de notre studio photo. De chacune d\u2019elles, naissent des photos en noir et blanc ou en couleur pour magnifier toute votre beaut\u00e9. Notre studio photo, cr\u00e9\u00e9 il y a plus de 05 ans, est \u00e9quip\u00e9 de tout le mat\u00e9riel d\u2019\u00e9clairage et d\u2019accessoires haut de gamme et n\u00e9cessaire \u00e0 la mise en \u0153uvre d\u2019une s\u00e9ance de photo r\u00e9ussie. Chaque type de photo r\u00e9alis\u00e9e, demande une grande ma\u00eetrise des sources lumineuses\u2026car la photographie c\u2019est l\u2019art d\u2019\u00e9crire avec la lumi\u00e8re.<\/span>[\/wgl_custom_text][\/vc_column_inner][\/vc_row_inner][wgl_spacing spacer_size=&#8221;40px&#8221;][wgl_button button_text=&#8221;Demander un devis&#8221; icon_type=&#8221;font&#8221; icon_pack=&#8221;flaticon&#8221; icon_position=&#8221;right&#8221; icon_flaticon=&#8221;flaticon-right-arrow&#8221; customize=&#8221;gradient&#8221; text_color=&#8221;#232323&#8243; bg_gradient_idle_start=&#8221;#ffffff&#8221; bg_gradient_idle_end=&#8221;#ffffff&#8221; link=&#8221;url:https%3A%2F%2Fgbcsarl.com%2Findex.php%2Fcontacts%2F%23tag_form|title:Prendre%20contact&#8221;][wgl_spacing spacer_size=&#8221;30px&#8221;][\/vc_column][vc_column offset=&#8221;vc_col-lg-6 vc_col-md-6&#8243; css=&#8221;.vc_custom_1559043311060{padding-top: 0px !important;}&#8221;][wgl_image_layers values=&#8221;%5B%7B%22thumbnail%22%3A%221870%22%2C%22image_animation%22%3A%22slide_right%22%2C%22image_order%22%3A%221%22%7D%2C%7B%22thumbnail%22%3A%222761%22%2C%22image_animation%22%3A%22slide_left%22%2C%22image_order%22%3A%221%22%7D%5D&#8221;][\/vc_column][vc_column][wgl_spacing spacer_size=&#8221;40px&#8221;][vc_row_inner][vc_column_inner offset=&#8221;vc_col-lg-offset-1 vc_col-lg-5 vc_col-md-6&#8243;][wgl_image_layers values=&#8221;%5B%7B%22thumbnail%22%3A%221870%22%2C%22image_animation%22%3A%22slide_right%22%2C%22image_order%22%3A%221%22%7D%2C%7B%22thumbnail%22%3A%222775%22%2C%22image_animation%22%3A%22slide_left%22%2C%22image_order%22%3A%221%22%7D%5D&#8221;][\/vc_column_inner][vc_column_inner offset=&#8221;vc_col-lg-offset-1 vc_col-lg-4 vc_col-md-6&#8243;][wgl_spacing spacer_size=&#8221;105px&#8221; screen_desktops=&#8221;1200&#8243; responsive_desktop=&#8221;true&#8221; size_desktops=&#8221;35&#8243;][wgl_double_headings squares_color=&#8221;#f6f6f6&#8243; title_size=&#8221;30px&#8221; title_line_height=&#8221;38px&#8221; title_color=&#8221;#232323&#8243; subtitle_line_height=&#8221;30px&#8221; subtitle=&#8221;____Toujours \u00e0 vos c\u00f4t\u00e9s&#8221; custom_title_color=&#8221;true&#8221; responsive_font=&#8221;true&#8221; font_size_tablet=&#8221;38&#8243; font_size_mobile=&#8221;34&#8243; custom_subtitle_color=&#8221;true&#8221; add_squares=&#8221;true&#8221;]Photographie hors studio[\/wgl_double_headings][wgl_spacing spacer_size=&#8221;20px&#8221;][wgl_custom_text font_size=&#8221;16&#8243;]\n<p style=\"text-align: left;\">Gb studio donne une grande opportunit\u00e9 \u00e0 ses clients de profiter de tous les beaux paysages en externe que nous offre la nature, vos domiciles, mus\u00e9es ou dans les parcs d\u2019attraction.<br \/>\nImaginez votre prise de vue soit juste apr\u00e8s le lever du soleil, soit quelques heures avant son coucher ou lors d&#8217;une journ\u00e9e nuageuse\u2026..Choisissez le lieu de vos r\u00eaves ![\/wgl_custom_text][wgl_spacing spacer_size=&#8221;40px&#8221;][wgl_button button_text=&#8221;Demander un devis&#8221; icon_type=&#8221;font&#8221; icon_pack=&#8221;flaticon&#8221; icon_position=&#8221;right&#8221; icon_flaticon=&#8221;flaticon-right-arrow&#8221; customize=&#8221;gradient&#8221; text_color=&#8221;#232323&#8243; bg_gradient_idle_start=&#8221;#ffffff&#8221; bg_gradient_idle_end=&#8221;#ffffff&#8221; link=&#8221;url:https%3A%2F%2Fgbcsarl.com%2Findex.php%2Fcontacts%2F%23tag_form|title:Prendre%20contact&#8221;][wgl_spacing spacer_size=&#8221;30px&#8221;][\/vc_column_inner][vc_column_inner][\/vc_column_inner][\/vc_row_inner][\/vc_column][\/vc_row][vc_row full_width=&#8221;stretch_row_content&#8221; content_placement=&#8221;middle&#8221;][vc_column offset=&#8221;vc_col-lg-offset-1 vc_col-lg-4 vc_col-md-6&#8243;][wgl_spacing spacer_size=&#8221;105px&#8221; screen_desktops=&#8221;1200&#8243; responsive_desktop=&#8221;true&#8221; size_desktops=&#8221;35&#8243;][wgl_double_headings squares_color=&#8221;#f6f6f6&#8243; title_size=&#8221;30px&#8221; title_line_height=&#8221;38px&#8221; title_color=&#8221;#232323&#8243; subtitle_line_height=&#8221;30px&#8221; subtitle=&#8221;____ENVIE D\u2019IMMORTALISER VOS EVENEMENTS&#8221; custom_title_color=&#8221;true&#8221; responsive_font=&#8221;true&#8221; font_size_tablet=&#8221;38&#8243; font_size_mobile=&#8221;34&#8243; custom_subtitle_color=&#8221;true&#8221; add_squares=&#8221;true&#8221;]Photographie \u00e9v\u00e8nementielle[\/wgl_double_headings][wgl_spacing spacer_size=&#8221;20px&#8221;][vc_row_inner][vc_column_inner offset=&#8221;vc_col-lg-10&#8243;][wgl_custom_text font_size=&#8221;16&#8243;]Figer les moments forts de la vie de votre entreprise : s\u00e9minaires, conventions, inaugurations\u2026 Autant d\u2019occasions de conserver des souvenirs \u00e0 la hauteur des moyens mis en \u0153uvre<br \/>\nAssurer des photos r\u00e9ussies qui retranscrivent fid\u00e8lement les temps forts de vos soir\u00e9es, salons, r\u00e9ceptions, team building, formations, conf\u00e9rences\u2026<br \/>\nLe temps d\u2019une journ\u00e9e ou d\u2019une soir\u00e9e nous vous accompagnons afin de retranscrire l\u2019ambiance qui se d\u00e9gage de vos \u00e9v\u00e8nements, le cadre de r\u00e9ception, les interventions des organisateurs et des participants.<br \/>\nAu travers d\u2019une large palette de techniques photographiques nous sommes en mesure de vous livrer des images originales et percutantes : Vous devez profiter de votre journ\u00e9e\/soir\u00e9e de dot, mariage, anniversaire bapt\u00eame, nous nous occupons de tout !<br \/>\nFaites la diff\u00e9rence, contactez nous ![\/wgl_custom_text][\/vc_column_inner][\/vc_row_inner][wgl_spacing spacer_size=&#8221;40px&#8221;][wgl_button button_text=&#8221;Demander un devis&#8221; icon_type=&#8221;font&#8221; icon_pack=&#8221;flaticon&#8221; icon_position=&#8221;right&#8221; icon_flaticon=&#8221;flaticon-right-arrow&#8221; customize=&#8221;gradient&#8221; text_color=&#8221;#232323&#8243; bg_gradient_idle_start=&#8221;#ffffff&#8221; bg_gradient_idle_end=&#8221;#ffffff&#8221; link=&#8221;url:https%3A%2F%2Fgbcsarl.com%2Findex.php%2Fcontacts%2F%23tag_form|title:Prendre%20contact&#8221;][wgl_spacing spacer_size=&#8221;30px&#8221;][\/vc_column][vc_column offset=&#8221;vc_col-lg-6 vc_col-md-6&#8243; css=&#8221;.vc_custom_1559043311060{padding-top: 0px !important;}&#8221;][wgl_image_layers values=&#8221;%5B%7B%22thumbnail%22%3A%221870%22%2C%22image_animation%22%3A%22slide_right%22%2C%22image_order%22%3A%221%22%7D%2C%7B%22thumbnail%22%3A%222803%22%2C%22image_animation%22%3A%22slide_left%22%2C%22image_order%22%3A%221%22%7D%5D&#8221;][\/vc_column][vc_column][vc_row_inner][vc_column_inner offset=&#8221;vc_col-lg-offset-1 vc_col-lg-5 vc_col-md-6&#8243;][wgl_image_layers values=&#8221;%5B%7B%22thumbnail%22%3A%221870%22%2C%22image_animation%22%3A%22slide_right%22%2C%22image_order%22%3A%221%22%7D%2C%7B%22thumbnail%22%3A%223248%22%2C%22image_animation%22%3A%22slide_left%22%2C%22image_order%22%3A%221%22%7D%5D&#8221;][\/vc_column_inner][vc_column_inner offset=&#8221;vc_col-lg-offset-1 vc_col-lg-4 vc_col-md-6&#8243;][wgl_spacing spacer_size=&#8221;105px&#8221; screen_desktops=&#8221;1200&#8243; responsive_desktop=&#8221;true&#8221; size_desktops=&#8221;35&#8243;][wgl_double_headings squares_color=&#8221;#f6f6f6&#8243; title_size=&#8221;30px&#8221; title_line_height=&#8221;38px&#8221; title_color=&#8221;#232323&#8243; subtitle_line_height=&#8221;30px&#8221; subtitle=&#8221;____PARCE QUE VOUS ETES UNE STAR&#8221; custom_title_color=&#8221;true&#8221; responsive_font=&#8221;true&#8221; font_size_tablet=&#8221;38&#8243; font_size_mobile=&#8221;34&#8243; custom_subtitle_color=&#8221;true&#8221; add_squares=&#8221;true&#8221;]Photographie artistique[\/wgl_double_headings][wgl_spacing spacer_size=&#8221;20px&#8221;][wgl_custom_text font_size=&#8221;16&#8243;]\n<p style=\"text-align: left;\"><span>Notre photographe artistique vous propose de r\u00e9aliser votre s\u00e9ance de shooting afin de soigner votre image pour une communication moderne et dynamique. D\u00e9couvrez notre studio d\u00e9di\u00e9 \u00e0 la photo professionnelle pour une mise en valeur de votre beaut\u00e9. La s\u00e9ance photo peut se r\u00e9aliser au sein de notre studio \u00e0 Yaound\u00e9 ou directement au sein d&#8217;un lieu de votre choix. Faire appel \u00e0 un v\u00e9ritable photographe, r\u00e9pondant parfaitement \u00e0 tous vos besoins, sera synonyme de r\u00e9ussite et vous garantira une identit\u00e9 visuelle adapt\u00e9e \u00e0 vos diff\u00e9rents supports de communication.\u00a0<\/span><\/p>\n<p><span>*<strong>E-commerce<\/strong><br \/>\nNous valorisons vos produits selon votre cahier des charges afin que vous n\u2019ayez plus qu\u2019\u00e0 les mettre en vente sur votre site web et r\u00e9seaux sociaux!<\/span><\/p>\n<p><span>*<strong>Publicit\u00e9 &amp; concours de beaut\u00e9<\/strong><br \/>\nNotre photographie publicitaire ne laisse pas de place \u00e0 l\u2019approximation. Nous portons une attention particuli\u00e8re \u00e0 soigner, valoriser votre image et vos produits dans les moindres d\u00e9tails!<\/span><\/p>\n<p><span>*<strong>Editoriale<\/strong><br \/>\nIl n\u2019y a pas que le num\u00e9rique dans la vie! Nous sommes en mesure de vous fournir des fichiers en ad\u00e9quation avec les standards de l\u2019industrie de l\u2019impression. <\/span>[\/wgl_custom_text][wgl_spacing spacer_size=&#8221;40px&#8221;][wgl_button button_text=&#8221;Demander un devis&#8221; icon_type=&#8221;font&#8221; icon_pack=&#8221;flaticon&#8221; icon_position=&#8221;right&#8221; icon_flaticon=&#8221;flaticon-right-arrow&#8221; customize=&#8221;gradient&#8221; text_color=&#8221;#232323&#8243; bg_gradient_idle_start=&#8221;#ffffff&#8221; bg_gradient_idle_end=&#8221;#ffffff&#8221; link=&#8221;url:https%3A%2F%2Fgbcsarl.com%2Findex.php%2Fcontacts%2F%23tag_form|title:Prendre%20contact&#8221;][wgl_spacing spacer_size=&#8221;30px&#8221;][\/vc_column_inner][vc_column_inner][\/vc_column_inner][\/vc_row_inner][wgl_spacing spacer_size=&#8221;40px&#8221;][\/vc_column][\/vc_row]\n<\/section>","protected":false},"excerpt":{"rendered":"<p>[vc_row][vc_column][wgl_spacing spacer_size=&#8221;180px&#8221; responsive_desktop=&#8221;true&#8221; responsive_tablet=&#8221;true&#8221; responsive_mobile=&#8221;true&#8221;][\/vc_column][\/vc_row][vc_row][vc_column width=&#8221;1\/2&#8243;][wgl_double_headings squares_color=&#8221;#6c131d&#8221; title_size=&#8221;30px&#8221; title_line_height=&#8221;38px&#8221; title_color=&#8221;#232323&#8243; subtitle_line_height=&#8221;30px&#8221; subtitle=&#8221;____LE STUDIO DE TOUTES VOS IMAGES&#8221; custom_title_color=&#8221;true&#8221; responsive_font=&#8221;true&#8221; font_size_tablet=&#8221;38&#8243; font_size_mobile=&#8221;34&#8243; custom_subtitle_color=&#8221;true&#8221; add_squares=&#8221;true&#8221;]Plus qu&#8217;une simple photographie[\/wgl_double_headings][wgl_spacing spacer_size=&#8221;20px&#8221;][vc_column_text]Offrez vous un Portrait, une s\u00e9ance de shooting en famille, un\u00a0book, une couverture d&#8217;\u00e9v\u00e8nement\u00a0d&#8217;anniversaire, naissance, mariage&#8230;[\/vc_column_text][\/vc_column][vc_column width=&#8221;1\/2&#8243;][wgl_image_layers values=&#8221;%5B%7B%22thumbnail%22%3A%221872%22%2C%22image_animation%22%3A%22slide_left%22%2C%22image_order%22%3A%221%22%7D%2C%7B%22thumbnail%22%3A%222787%22%2C%22image_animation%22%3A%22slide_right%22%2C%22image_order%22%3A%221%22%7D%2C%7B%22thumbnail%22%3A%221869%22%2C%22image_animation%22%3A%22fade_in%22%2C%22image_order%22%3A%221%22%7D%5D&#8221;][\/vc_column][\/vc_row][vc_row full_width=&#8221;stretch_row_content&#8221; content_placement=&#8221;middle&#8221;][vc_column offset=&#8221;vc_col-lg-offset-1 vc_col-lg-4 vc_col-md-6&#8243;][wgl_spacing spacer_size=&#8221;60px&#8221; screen_desktops=&#8221;1200&#8243; responsive_desktop=&#8221;true&#8221; size_desktops=&#8221;35&#8243;][wgl_double_headings squares_color=&#8221;#f6f6f6&#8243; title_size=&#8221;30px&#8221; [&hellip;]<\/p>\n","protected":false},"author":1,"featured_media":0,"parent":0,"menu_order":0,"comment_status":"closed","ping_status":"closed","template":"","meta":{"footnotes":""},"class_list":["post-2744","page","type-page","status-publish","hentry"],"yoast_head":"<!-- This site is optimized with the Yoast SEO plugin v21.0 - https:\/\/yoast.com\/wordpress\/plugins\/seo\/ -->\n<title>Photographie et studio photo Professionnel - Global Business Consulting<\/title>\n<meta name=\"description\" content=\"Besoin d\u2019un expert pour vos photos ? GB Studio met \u00e0 votre disposition un espace photo artistique et vous accompagne dans vos \u00e9v\u00e8nements.\" \/>\n<meta name=\"robots\" content=\"index, follow, max-snippet:-1, max-image-preview:large, max-video-preview:-1\" \/>\n<link rel=\"canonical\" href=\"https:\/\/gbcsarl.com\/index.php\/photographie-pro\/\" \/>\n<meta property=\"og:locale\" content=\"fr_FR\" \/>\n<meta property=\"og:type\" content=\"article\" \/>\n<meta property=\"og:title\" content=\"Photographie et studio photo Professionnel - Global Business Consulting\" \/>\n<meta property=\"og:description\" content=\"Besoin d\u2019un expert pour vos photos ? GB Studio met \u00e0 votre disposition un espace photo artistique et vous accompagne dans vos \u00e9v\u00e8nements.\" \/>\n<meta property=\"og:url\" content=\"https:\/\/gbcsarl.com\/index.php\/photographie-pro\/\" \/>\n<meta property=\"og:site_name\" content=\"Global Business Consulting\" \/>\n<meta property=\"article:modified_time\" content=\"2023-09-16T17:36:04+00:00\" \/>\n<meta property=\"og:image\" content=\"https:\/\/gbcsarl.com\/wp-content\/uploads\/2023\/08\/gbc_logo_consulting-2.png\" \/>\n\t<meta property=\"og:image:width\" content=\"567\" \/>\n\t<meta property=\"og:image:height\" content=\"95\" \/>\n\t<meta property=\"og:image:type\" content=\"image\/png\" \/>\n<meta name=\"twitter:card\" content=\"summary_large_image\" \/>\n<meta name=\"twitter:label1\" content=\"Dur\u00e9e de lecture estim\u00e9e\" \/>\n\t<meta name=\"twitter:data1\" content=\"4 minutes\" \/>\n<script type=\"application\/ld+json\" class=\"yoast-schema-graph\">{\"@context\":\"https:\/\/schema.org\",\"@graph\":[{\"@type\":\"WebPage\",\"@id\":\"https:\/\/gbcsarl.com\/index.php\/photographie-pro\/\",\"url\":\"https:\/\/gbcsarl.com\/index.php\/photographie-pro\/\",\"name\":\"Photographie et studio photo Professionnel - Global Business Consulting\",\"isPartOf\":{\"@id\":\"https:\/\/gbcsarl.com\/#website\"},\"datePublished\":\"2023-08-16T11:40:39+00:00\",\"dateModified\":\"2023-09-16T17:36:04+00:00\",\"description\":\"Besoin d\u2019un expert pour vos photos ? GB Studio met \u00e0 votre disposition un espace photo artistique et vous accompagne dans vos \u00e9v\u00e8nements.\",\"breadcrumb\":{\"@id\":\"https:\/\/gbcsarl.com\/index.php\/photographie-pro\/#breadcrumb\"},\"inLanguage\":\"fr-FR\",\"potentialAction\":[{\"@type\":\"ReadAction\",\"target\":[\"https:\/\/gbcsarl.com\/index.php\/photographie-pro\/\"]}]},{\"@type\":\"BreadcrumbList\",\"@id\":\"https:\/\/gbcsarl.com\/index.php\/photographie-pro\/#breadcrumb\",\"itemListElement\":[{\"@type\":\"ListItem\",\"position\":1,\"name\":\"Accueil\",\"item\":\"https:\/\/gbcsarl.com\/\"},{\"@type\":\"ListItem\",\"position\":2,\"name\":\"Photographie et studio photo Professionnel\"}]},{\"@type\":\"WebSite\",\"@id\":\"https:\/\/gbcsarl.com\/#website\",\"url\":\"https:\/\/gbcsarl.com\/\",\"name\":\"Global Business Consulting\",\"description\":\"Photographie, Imprimerie, Expertise et Conseils...\",\"publisher\":{\"@id\":\"https:\/\/gbcsarl.com\/#organization\"},\"potentialAction\":[{\"@type\":\"SearchAction\",\"target\":{\"@type\":\"EntryPoint\",\"urlTemplate\":\"https:\/\/gbcsarl.com\/?s={search_term_string}\"},\"query-input\":\"required name=search_term_string\"}],\"inLanguage\":\"fr-FR\"},{\"@type\":\"Organization\",\"@id\":\"https:\/\/gbcsarl.com\/#organization\",\"name\":\"Global Business Consulting SARL\",\"url\":\"https:\/\/gbcsarl.com\/\",\"logo\":{\"@type\":\"ImageObject\",\"inLanguage\":\"fr-FR\",\"@id\":\"https:\/\/gbcsarl.com\/#\/schema\/logo\/image\/\",\"url\":\"https:\/\/gbcsarl.com\/wp-content\/uploads\/2023\/08\/gbc_logo_consulting-2.png\",\"contentUrl\":\"https:\/\/gbcsarl.com\/wp-content\/uploads\/2023\/08\/gbc_logo_consulting-2.png\",\"width\":567,\"height\":95,\"caption\":\"Global Business Consulting SARL\"},\"image\":{\"@id\":\"https:\/\/gbcsarl.com\/#\/schema\/logo\/image\/\"}}]}<\/script>\n<!-- \/ Yoast SEO plugin. -->","yoast_head_json":{"title":"Photographie et studio photo Professionnel - Global Business Consulting","description":"Besoin d\u2019un expert pour vos photos ? GB Studio met \u00e0 votre disposition un espace photo artistique et vous accompagne dans vos \u00e9v\u00e8nements.","robots":{"index":"index","follow":"follow","max-snippet":"max-snippet:-1","max-image-preview":"max-image-preview:large","max-video-preview":"max-video-preview:-1"},"canonical":"https:\/\/gbcsarl.com\/index.php\/photographie-pro\/","og_locale":"fr_FR","og_type":"article","og_title":"Photographie et studio photo Professionnel - Global Business Consulting","og_description":"Besoin d\u2019un expert pour vos photos ? GB Studio met \u00e0 votre disposition un espace photo artistique et vous accompagne dans vos \u00e9v\u00e8nements.","og_url":"https:\/\/gbcsarl.com\/index.php\/photographie-pro\/","og_site_name":"Global Business Consulting","article_modified_time":"2023-09-16T17:36:04+00:00","og_image":[{"width":567,"height":95,"url":"https:\/\/gbcsarl.com\/wp-content\/uploads\/2023\/08\/gbc_logo_consulting-2.png","type":"image\/png"}],"twitter_card":"summary_large_image","twitter_misc":{"Dur\u00e9e de lecture estim\u00e9e":"4 minutes"},"schema":{"@context":"https:\/\/schema.org","@graph":[{"@type":"WebPage","@id":"https:\/\/gbcsarl.com\/index.php\/photographie-pro\/","url":"https:\/\/gbcsarl.com\/index.php\/photographie-pro\/","name":"Photographie et studio photo Professionnel - Global Business Consulting","isPartOf":{"@id":"https:\/\/gbcsarl.com\/#website"},"datePublished":"2023-08-16T11:40:39+00:00","dateModified":"2023-09-16T17:36:04+00:00","description":"Besoin d\u2019un expert pour vos photos ? GB Studio met \u00e0 votre disposition un espace photo artistique et vous accompagne dans vos \u00e9v\u00e8nements.","breadcrumb":{"@id":"https:\/\/gbcsarl.com\/index.php\/photographie-pro\/#breadcrumb"},"inLanguage":"fr-FR","potentialAction":[{"@type":"ReadAction","target":["https:\/\/gbcsarl.com\/index.php\/photographie-pro\/"]}]},{"@type":"BreadcrumbList","@id":"https:\/\/gbcsarl.com\/index.php\/photographie-pro\/#breadcrumb","itemListElement":[{"@type":"ListItem","position":1,"name":"Accueil","item":"https:\/\/gbcsarl.com\/"},{"@type":"ListItem","position":2,"name":"Photographie et studio photo Professionnel"}]},{"@type":"WebSite","@id":"https:\/\/gbcsarl.com\/#website","url":"https:\/\/gbcsarl.com\/","name":"Global Business Consulting","description":"Photographie, Imprimerie, Expertise et Conseils...","publisher":{"@id":"https:\/\/gbcsarl.com\/#organization"},"potentialAction":[{"@type":"SearchAction","target":{"@type":"EntryPoint","urlTemplate":"https:\/\/gbcsarl.com\/?s={search_term_string}"},"query-input":"required name=search_term_string"}],"inLanguage":"fr-FR"},{"@type":"Organization","@id":"https:\/\/gbcsarl.com\/#organization","name":"Global Business Consulting SARL","url":"https:\/\/gbcsarl.com\/","logo":{"@type":"ImageObject","inLanguage":"fr-FR","@id":"https:\/\/gbcsarl.com\/#\/schema\/logo\/image\/","url":"https:\/\/gbcsarl.com\/wp-content\/uploads\/2023\/08\/gbc_logo_consulting-2.png","contentUrl":"https:\/\/gbcsarl.com\/wp-content\/uploads\/2023\/08\/gbc_logo_consulting-2.png","width":567,"height":95,"caption":"Global Business Consulting SARL"},"image":{"@id":"https:\/\/gbcsarl.com\/#\/schema\/logo\/image\/"}}]}},"_links":{"self":[{"href":"https:\/\/gbcsarl.com\/index.php\/wp-json\/wp\/v2\/pages\/2744","targetHints":{"allow":["GET"]}}],"collection":[{"href":"https:\/\/gbcsarl.com\/index.php\/wp-json\/wp\/v2\/pages"}],"about":[{"href":"https:\/\/gbcsarl.com\/index.php\/wp-json\/wp\/v2\/types\/page"}],"author":[{"embeddable":true,"href":"https:\/\/gbcsarl.com\/index.php\/wp-json\/wp\/v2\/users\/1"}],"replies":[{"embeddable":true,"href":"https:\/\/gbcsarl.com\/index.php\/wp-json\/wp\/v2\/comments?post=2744"}],"version-history":[{"count":55,"href":"https:\/\/gbcsarl.com\/index.php\/wp-json\/wp\/v2\/pages\/2744\/revisions"}],"predecessor-version":[{"id":3347,"href":"https:\/\/gbcsarl.com\/index.php\/wp-json\/wp\/v2\/pages\/2744\/revisions\/3347"}],"wp:attachment":[{"href":"https:\/\/gbcsarl.com\/index.php\/wp-json\/wp\/v2\/media?parent=2744"}],"curies":[{"name":"wp","href":"https:\/\/api.w.org\/{rel}","templated":true}]}}