{"id":3851,"date":"2025-10-15T23:53:53","date_gmt":"2025-10-15T21:53:53","guid":{"rendered":"https:\/\/gbcsarl.com\/?page_id=3851"},"modified":"2025-10-18T13:01:16","modified_gmt":"2025-10-18T11:01:16","slug":"politique-de-confidentialite-2","status":"publish","type":"page","link":"https:\/\/gbcsarl.com\/index.php\/politique-de-confidentialite-2\/","title":{"rendered":"politique de confidentialit\u00e9"},"content":{"rendered":"<section class=\"wpb-content-wrapper\">[vc_row][vc_column][wgl_spacing spacer_size=&#8221;120px&#8221;][vc_column_text]\r\n<h2>politique de confidentialit\u00e9<\/h2>\r\n<p><strong>Derni\u00e8re mise \u00e0 jour : 13 octobre 2025<\/strong><\/p>\r\n\r\n<p>Chez Global Business Consulting, nous accordons une grande importance \u00e0 la confidentialit\u00e9 de vos donn\u00e9es personnelles. Cette politique explique comment nous collectons, utilisons et prot\u00e9geons les informations que vous nous fournissez via notre site web.<\/p>\r\n<p>&nbsp;<\/p>\r\n<h4><strong style=\"font-family: sans-serif; font-size: medium; font-style: normal;\">\u00a0 \u00a0 \u00a01. Collecte des informations<\/strong><\/h4>\r\n<p>Nous pouvons collecter les informations suivantes :<\/p>\r\n<ul class=\"wp-block-list\">\r\n<li>Donn\u00e9es personnelles fournies via les formulaires (nom, email, t\u00e9l\u00e9phone)<\/li>\r\n<\/ul>\r\n\r\n<ul>\r\n<li>Donn\u00e9es de navigation (pages visit\u00e9es, dur\u00e9e de visite, localisation approximative)<\/li>\r\n<li>Informations techniques (type d\u2019appareil, navigateur, syst\u00e8me d\u2019exploitation)<br \/>\r\n<h6><strong style=\"color: #232323; font-family: Muli; font-size: 20px;\">2. Utilisation des cookies<\/strong><\/h6>\r\n<\/li>\r\n<\/ul>\r\n<p>Notre site utilise des cookies pour am\u00e9liorer l\u2019exp\u00e9rience utilisateur et analyser le trafic. Ces cookies peuvent provenir de :<\/p>\r\n<ul>\r\n<li><span style=\"font-size: 16px;\">Google Analytics (statistiques de visite)<\/span><\/li>\r\n<li>Google AdSense (publicit\u00e9s personnalis\u00e9es)<\/li>\r\n<li>Google Search Console (performance SEO)<\/li>\r\n<\/ul>\r\n<p><span style=\"font-size: 16px;\">Vous pouvez configurer votre navigateur pour refuser les cookies ou \u00eatre averti lorsqu\u2019ils sont utilis\u00e9s.<\/span><\/p>\r\n<p>&nbsp;<\/p>\r\n<h4><strong style=\"font-family: sans-serif; font-size: medium; font-style: normal;\">\u00a0 \u00a03. Publicit\u00e9 via Google AdSense<\/strong><\/h4>\r\n\r\n<p>Nous affichons des annonces via Google AdSense. Google peut utiliser des cookies pour diffuser des annonces bas\u00e9es sur vos visites pr\u00e9c\u00e9dentes sur ce site ou d&#8217;autres sites.<\/p>\r\n\r\n<p>Pour en savoir plus sur la mani\u00e8re dont Google utilise les donn\u00e9es : <a href=\"https:\/\/policies.google.com\/technologies\/ads\">https:\/\/policies.google.com\/technologies\/ads<\/a><\/p>\r\n<p>&nbsp;<\/p>\r\n<h4><strong style=\"font-family: sans-serif; font-size: medium; font-style: normal;\">\u00a0 \u00a04. S\u00e9curit\u00e9 des donn\u00e9es<\/strong><\/h4>\r\n\r\n<p>Nous mettons en \u0153uvre des mesures de s\u00e9curit\u00e9 pour prot\u00e9ger vos informations contre tout acc\u00e8s non autoris\u00e9, modification ou divulgation.<\/p>\r\n<p>&nbsp;<\/p>\r\n<h4><strong style=\"font-family: sans-serif; font-size: medium; font-style: normal;\">\u00a0 \u00a05. Vos droits<\/strong><\/h4>\r\n<p>Conform\u00e9ment \u00e0 la r\u00e9glementation en vigueur, vous avez le droit de :<\/p>\r\n<ul>\r\n<li><span style=\"font-size: 16px;\">Acc\u00e9der \u00e0 vos donn\u00e9es<\/span><\/li>\r\n<li>Demander leur modification ou suppression<\/li>\r\n<li>Vous opposer \u00e0 leur traitement<\/li>\r\n<\/ul>\r\n<p><span style=\"font-size: 16px;\">Pour toute demande, contactez-nous \u00e0 : <span \n                data-original-string='tLWU0h8f2i6WaeZSwsn7rQ==cea2Zf2uSmeVEPEJWA31Y2\/7VosDIb\/ZD6dQ1CxqdgaJHw='\n                class='apbct-email-encoder'\n                title='This contact has been encoded by Anti-Spam by CleanTalk. Click to decode. To finish the decoding make sure that JavaScript is enabled in your browser.'>in<span class=\"apbct-blur\">**<\/span>@<span class=\"apbct-blur\">*****<\/span>rl.com<\/span><\/span><\/p>\r\n<p>&nbsp;<\/p>\r\n<h4><strong style=\"font-family: sans-serif; font-size: medium; font-style: normal;\">\u00a0 \u00a06. Modifications<\/strong><\/h4>\r\n<p>Cette politique peut \u00eatre mise \u00e0 jour \u00e0 tout moment. Nous vous invitons \u00e0 la consulter r\u00e9guli\u00e8rement.<\/p>\r\n<p>\u00a0<\/p>\r\n<p>\u00a0<\/p>\r\n[\/vc_column_text][\/vc_column][\/vc_row]<\/section>","protected":false},"excerpt":{"rendered":"<p>[vc_row][vc_column][wgl_spacing spacer_size=&#8221;120px&#8221;][vc_column_text] politique de confidentialit\u00e9 Derni\u00e8re mise \u00e0 jour : 13 octobre 2025 Chez Global Business Consulting, nous accordons une grande importance \u00e0 la confidentialit\u00e9 de vos donn\u00e9es personnelles. Cette politique explique comment nous collectons, utilisons et prot\u00e9geons les informations que vous nous fournissez via notre site web. &nbsp; \u00a0 \u00a0 \u00a01. Collecte des informations [&hellip;]<\/p>\n","protected":false},"author":2,"featured_media":0,"parent":0,"menu_order":0,"comment_status":"closed","ping_status":"closed","template":"","meta":{"footnotes":""},"class_list":["post-3851","page","type-page","status-publish","hentry"],"yoast_head":"<!-- This site is optimized with the Yoast SEO plugin v21.0 - https:\/\/yoast.com\/wordpress\/plugins\/seo\/ -->\n<title>politique de confidentialit\u00e9 - Global Business Consulting<\/title>\n<meta name=\"robots\" content=\"index, follow, max-snippet:-1, max-image-preview:large, max-video-preview:-1\" \/>\n<link rel=\"canonical\" href=\"https:\/\/gbcsarl.com\/index.php\/politique-de-confidentialite-2\/\" \/>\n<meta property=\"og:locale\" content=\"fr_FR\" \/>\n<meta property=\"og:type\" content=\"article\" \/>\n<meta property=\"og:title\" content=\"politique de confidentialit\u00e9 - Global Business Consulting\" \/>\n<meta property=\"og:description\" content=\"[vc_row][vc_column][wgl_spacing spacer_size=&#8221;120px&#8221;][vc_column_text] politique de confidentialit\u00e9 Derni\u00e8re mise \u00e0 jour : 13 octobre 2025 Chez Global Business Consulting, nous accordons une grande importance \u00e0 la confidentialit\u00e9 de vos donn\u00e9es personnelles. Cette politique explique comment nous collectons, utilisons et prot\u00e9geons les informations que vous nous fournissez via notre site web. &nbsp; \u00a0 \u00a0 \u00a01. Collecte des informations [&hellip;]\" \/>\n<meta property=\"og:url\" content=\"https:\/\/gbcsarl.com\/index.php\/politique-de-confidentialite-2\/\" \/>\n<meta property=\"og:site_name\" content=\"Global Business Consulting\" \/>\n<meta property=\"article:modified_time\" content=\"2025-10-18T11:01:16+00:00\" \/>\n<meta property=\"og:image\" content=\"https:\/\/gbcsarl.com\/wp-content\/uploads\/2023\/08\/gbc_logo_consulting-2.png\" \/>\n\t<meta property=\"og:image:width\" content=\"567\" \/>\n\t<meta property=\"og:image:height\" content=\"95\" \/>\n\t<meta property=\"og:image:type\" content=\"image\/png\" \/>\n<meta name=\"twitter:card\" content=\"summary_large_image\" \/>\n<meta name=\"twitter:label1\" content=\"Dur\u00e9e de lecture estim\u00e9e\" \/>\n\t<meta name=\"twitter:data1\" content=\"2 minutes\" \/>\n<script type=\"application\/ld+json\" class=\"yoast-schema-graph\">{\"@context\":\"https:\/\/schema.org\",\"@graph\":[{\"@type\":\"WebPage\",\"@id\":\"https:\/\/gbcsarl.com\/index.php\/politique-de-confidentialite-2\/\",\"url\":\"https:\/\/gbcsarl.com\/index.php\/politique-de-confidentialite-2\/\",\"name\":\"politique de confidentialit\u00e9 - Global Business Consulting\",\"isPartOf\":{\"@id\":\"https:\/\/gbcsarl.com\/#website\"},\"datePublished\":\"2025-10-15T21:53:53+00:00\",\"dateModified\":\"2025-10-18T11:01:16+00:00\",\"breadcrumb\":{\"@id\":\"https:\/\/gbcsarl.com\/index.php\/politique-de-confidentialite-2\/#breadcrumb\"},\"inLanguage\":\"fr-FR\",\"potentialAction\":[{\"@type\":\"ReadAction\",\"target\":[\"https:\/\/gbcsarl.com\/index.php\/politique-de-confidentialite-2\/\"]}]},{\"@type\":\"BreadcrumbList\",\"@id\":\"https:\/\/gbcsarl.com\/index.php\/politique-de-confidentialite-2\/#breadcrumb\",\"itemListElement\":[{\"@type\":\"ListItem\",\"position\":1,\"name\":\"Accueil\",\"item\":\"https:\/\/gbcsarl.com\/\"},{\"@type\":\"ListItem\",\"position\":2,\"name\":\"politique de confidentialit\u00e9\"}]},{\"@type\":\"WebSite\",\"@id\":\"https:\/\/gbcsarl.com\/#website\",\"url\":\"https:\/\/gbcsarl.com\/\",\"name\":\"Global Business Consulting\",\"description\":\"Photographie, Imprimerie, Expertise et Conseils...\",\"publisher\":{\"@id\":\"https:\/\/gbcsarl.com\/#organization\"},\"potentialAction\":[{\"@type\":\"SearchAction\",\"target\":{\"@type\":\"EntryPoint\",\"urlTemplate\":\"https:\/\/gbcsarl.com\/?s={search_term_string}\"},\"query-input\":\"required name=search_term_string\"}],\"inLanguage\":\"fr-FR\"},{\"@type\":\"Organization\",\"@id\":\"https:\/\/gbcsarl.com\/#organization\",\"name\":\"Global Business Consulting SARL\",\"url\":\"https:\/\/gbcsarl.com\/\",\"logo\":{\"@type\":\"ImageObject\",\"inLanguage\":\"fr-FR\",\"@id\":\"https:\/\/gbcsarl.com\/#\/schema\/logo\/image\/\",\"url\":\"https:\/\/gbcsarl.com\/wp-content\/uploads\/2023\/08\/gbc_logo_consulting-2.png\",\"contentUrl\":\"https:\/\/gbcsarl.com\/wp-content\/uploads\/2023\/08\/gbc_logo_consulting-2.png\",\"width\":567,\"height\":95,\"caption\":\"Global Business Consulting SARL\"},\"image\":{\"@id\":\"https:\/\/gbcsarl.com\/#\/schema\/logo\/image\/\"}}]}<\/script>\n<!-- \/ Yoast SEO plugin. -->","yoast_head_json":{"title":"politique de confidentialit\u00e9 - Global Business Consulting","robots":{"index":"index","follow":"follow","max-snippet":"max-snippet:-1","max-image-preview":"max-image-preview:large","max-video-preview":"max-video-preview:-1"},"canonical":"https:\/\/gbcsarl.com\/index.php\/politique-de-confidentialite-2\/","og_locale":"fr_FR","og_type":"article","og_title":"politique de confidentialit\u00e9 - Global Business Consulting","og_description":"[vc_row][vc_column][wgl_spacing spacer_size=&#8221;120px&#8221;][vc_column_text] politique de confidentialit\u00e9 Derni\u00e8re mise \u00e0 jour : 13 octobre 2025 Chez Global Business Consulting, nous accordons une grande importance \u00e0 la confidentialit\u00e9 de vos donn\u00e9es personnelles. Cette politique explique comment nous collectons, utilisons et prot\u00e9geons les informations que vous nous fournissez via notre site web. &nbsp; \u00a0 \u00a0 \u00a01. Collecte des informations [&hellip;]","og_url":"https:\/\/gbcsarl.com\/index.php\/politique-de-confidentialite-2\/","og_site_name":"Global Business Consulting","article_modified_time":"2025-10-18T11:01:16+00:00","og_image":[{"width":567,"height":95,"url":"https:\/\/gbcsarl.com\/wp-content\/uploads\/2023\/08\/gbc_logo_consulting-2.png","type":"image\/png"}],"twitter_card":"summary_large_image","twitter_misc":{"Dur\u00e9e de lecture estim\u00e9e":"2 minutes"},"schema":{"@context":"https:\/\/schema.org","@graph":[{"@type":"WebPage","@id":"https:\/\/gbcsarl.com\/index.php\/politique-de-confidentialite-2\/","url":"https:\/\/gbcsarl.com\/index.php\/politique-de-confidentialite-2\/","name":"politique de confidentialit\u00e9 - Global Business Consulting","isPartOf":{"@id":"https:\/\/gbcsarl.com\/#website"},"datePublished":"2025-10-15T21:53:53+00:00","dateModified":"2025-10-18T11:01:16+00:00","breadcrumb":{"@id":"https:\/\/gbcsarl.com\/index.php\/politique-de-confidentialite-2\/#breadcrumb"},"inLanguage":"fr-FR","potentialAction":[{"@type":"ReadAction","target":["https:\/\/gbcsarl.com\/index.php\/politique-de-confidentialite-2\/"]}]},{"@type":"BreadcrumbList","@id":"https:\/\/gbcsarl.com\/index.php\/politique-de-confidentialite-2\/#breadcrumb","itemListElement":[{"@type":"ListItem","position":1,"name":"Accueil","item":"https:\/\/gbcsarl.com\/"},{"@type":"ListItem","position":2,"name":"politique de confidentialit\u00e9"}]},{"@type":"WebSite","@id":"https:\/\/gbcsarl.com\/#website","url":"https:\/\/gbcsarl.com\/","name":"Global Business Consulting","description":"Photographie, Imprimerie, Expertise et Conseils...","publisher":{"@id":"https:\/\/gbcsarl.com\/#organization"},"potentialAction":[{"@type":"SearchAction","target":{"@type":"EntryPoint","urlTemplate":"https:\/\/gbcsarl.com\/?s={search_term_string}"},"query-input":"required name=search_term_string"}],"inLanguage":"fr-FR"},{"@type":"Organization","@id":"https:\/\/gbcsarl.com\/#organization","name":"Global Business Consulting SARL","url":"https:\/\/gbcsarl.com\/","logo":{"@type":"ImageObject","inLanguage":"fr-FR","@id":"https:\/\/gbcsarl.com\/#\/schema\/logo\/image\/","url":"https:\/\/gbcsarl.com\/wp-content\/uploads\/2023\/08\/gbc_logo_consulting-2.png","contentUrl":"https:\/\/gbcsarl.com\/wp-content\/uploads\/2023\/08\/gbc_logo_consulting-2.png","width":567,"height":95,"caption":"Global Business Consulting SARL"},"image":{"@id":"https:\/\/gbcsarl.com\/#\/schema\/logo\/image\/"}}]}},"_links":{"self":[{"href":"https:\/\/gbcsarl.com\/index.php\/wp-json\/wp\/v2\/pages\/3851","targetHints":{"allow":["GET"]}}],"collection":[{"href":"https:\/\/gbcsarl.com\/index.php\/wp-json\/wp\/v2\/pages"}],"about":[{"href":"https:\/\/gbcsarl.com\/index.php\/wp-json\/wp\/v2\/types\/page"}],"author":[{"embeddable":true,"href":"https:\/\/gbcsarl.com\/index.php\/wp-json\/wp\/v2\/users\/2"}],"replies":[{"embeddable":true,"href":"https:\/\/gbcsarl.com\/index.php\/wp-json\/wp\/v2\/comments?post=3851"}],"version-history":[{"count":14,"href":"https:\/\/gbcsarl.com\/index.php\/wp-json\/wp\/v2\/pages\/3851\/revisions"}],"predecessor-version":[{"id":3867,"href":"https:\/\/gbcsarl.com\/index.php\/wp-json\/wp\/v2\/pages\/3851\/revisions\/3867"}],"wp:attachment":[{"href":"https:\/\/gbcsarl.com\/index.php\/wp-json\/wp\/v2\/media?parent=3851"}],"curies":[{"name":"wp","href":"https:\/\/api.w.org\/{rel}","templated":true}]}}